{"id":83,"date":"2014-02-17T16:23:56","date_gmt":"2014-02-17T15:23:56","guid":{"rendered":"http:\/\/88.151.102.243\/en\/?page_id=83"},"modified":"2019-11-06T04:59:25","modified_gmt":"2019-11-06T03:59:25","slug":"honosito-mernoki-feladatok","status":"publish","type":"page","link":"https:\/\/tekloc.net\/hu\/szolgaltatasok\/honosito-mernoki-feladatok\/","title":{"rendered":"Honos\u00edt\u00f3 m\u00e9rn\u00f6ki feladatok"},"content":{"rendered":"<p>[et_pb_section fb_built=&#8221;1&#8243; fullwidth=&#8221;on&#8221; admin_label=&#8221;section&#8221; _builder_version=&#8221;3.22&#8243; background_color=&#8221;#00b2cd&#8221;][et_pb_fullwidth_header title=&#8221;Honos\u00edt\u00f3 m\u00e9rn\u00f6ki feladatok&#8221; subhead=&#8221;A nyelv\u00e9szek feladata a t\u00f6k\u00e9letes ford\u00edt\u00e1s elk\u00e9sz\u00edt\u00e9se, a sz\u00f6veg megfelel\u0151 megjelen\u00edt\u00e9s\u00e9r\u0151l azonban a honos\u00edt\u00f3 m\u00e9rn\u00f6k\u00f6k gondoskodnak.&#8221; content_max_width=&#8221;none&#8221; admin_label=&#8221;Fullwidth Header&#8221; _builder_version=&#8221;3.16&#8243; background_color=&#8221;rgba(255, 255, 255, 0)&#8221; button_one_text_size__hover_enabled=&#8221;off&#8221; button_one_text_size__hover=&#8221;null&#8221; button_two_text_size__hover_enabled=&#8221;off&#8221; button_two_text_size__hover=&#8221;null&#8221; button_one_text_color__hover_enabled=&#8221;off&#8221; button_one_text_color__hover=&#8221;null&#8221; button_two_text_color__hover_enabled=&#8221;off&#8221; button_two_text_color__hover=&#8221;null&#8221; button_one_border_width__hover_enabled=&#8221;off&#8221; button_one_border_width__hover=&#8221;null&#8221; button_two_border_width__hover_enabled=&#8221;off&#8221; button_two_border_width__hover=&#8221;null&#8221; button_one_border_color__hover_enabled=&#8221;off&#8221; button_one_border_color__hover=&#8221;null&#8221; button_two_border_color__hover_enabled=&#8221;off&#8221; button_two_border_color__hover=&#8221;null&#8221; button_one_border_radius__hover_enabled=&#8221;off&#8221; button_one_border_radius__hover=&#8221;null&#8221; button_two_border_radius__hover_enabled=&#8221;off&#8221; button_two_border_radius__hover=&#8221;null&#8221; button_one_letter_spacing__hover_enabled=&#8221;off&#8221; button_one_letter_spacing__hover=&#8221;null&#8221; button_two_letter_spacing__hover_enabled=&#8221;off&#8221; button_two_letter_spacing__hover=&#8221;null&#8221; button_one_bg_color__hover_enabled=&#8221;off&#8221; button_one_bg_color__hover=&#8221;null&#8221; button_two_bg_color__hover_enabled=&#8221;off&#8221; button_two_bg_color__hover=&#8221;null&#8221;][\/et_pb_fullwidth_header][\/et_pb_section][et_pb_section fb_built=&#8221;1&#8243; admin_label=&#8221;section&#8221; _builder_version=&#8221;3.22&#8243;][et_pb_row admin_label=&#8221;row&#8221; _builder_version=&#8221;3.25&#8243; background_size=&#8221;initial&#8221; background_position=&#8221;top_left&#8221; background_repeat=&#8221;repeat&#8221; column_structure=&#8221;1_4,1_2,1_4&#8243;][et_pb_column type=&#8221;1_4&#8243; _builder_version=&#8221;3.25&#8243; custom_padding=&#8221;|||&#8221; custom_padding__hover=&#8221;|||&#8221;][et_pb_text admin_label=&#8221;Text&#8221; _builder_version=&#8221;3.27.4&#8243; background_size=&#8221;initial&#8221; background_position=&#8221;top_left&#8221; background_repeat=&#8221;repeat&#8221; use_border_color=&#8221;off&#8221;]<\/p>\n<h4>Kedvenc eszk\u00f6zeink:<\/h4>\n<p>Passolo Team Unlimited \u2013 szoftverford\u00edt\u00e1s<br \/> <img loading=\"lazy\" decoding=\"async\" class=\"alignnone size-full wp-image-519\" src=\"\/\/tekloc.net\/en\/wp-content\/uploads\/sites\/2\/2014\/02\/Passolo.png\" alt=\"Passolo\" width=\"48\" height=\"48\" \/><br \/> memoQ \u2013 dokumentumok ford\u00edt\u00e1sa<br \/> <img loading=\"lazy\" decoding=\"async\" class=\"alignnone size-full wp-image-518\" src=\"\/\/tekloc.net\/en\/wp-content\/uploads\/sites\/2\/2014\/02\/memoq.png\" alt=\"memoq\" width=\"48\" height=\"48\" \/><br \/>Microsoft Office \u2013 egyszer\u0171 dokumentumok ford\u00edt\u00e1sa<br \/> <img loading=\"lazy\" decoding=\"async\" class=\"alignnone size-full wp-image-517\" src=\"\/\/tekloc.net\/en\/wp-content\/uploads\/sites\/2\/2014\/02\/Office.png\" alt=\"Office\" width=\"48\" height=\"48\" \/><\/p>\n<p>[\/et_pb_text][\/et_pb_column][et_pb_column type=&#8221;1_2&#8243; _builder_version=&#8221;3.25&#8243; custom_padding=&#8221;|||&#8221; custom_padding__hover=&#8221;|||&#8221;][et_pb_text admin_label=&#8221;Text&#8221; _builder_version=&#8221;3.27.4&#8243; background_size=&#8221;initial&#8221; background_position=&#8221;top_left&#8221; background_repeat=&#8221;repeat&#8221;]A ford\u00edt\u00e1ssal kapcsolatos m\u0171szaki feladatok n\u00e9melyike val\u00f3di kih\u00edv\u00e1snak bizonyulhat. Ilyen feladat lehet p\u00e9ld\u00e1ul a k\u00fcl\u00f6nleges helyi karakterek megfelel\u0151 megjelen\u00edt\u00e9se, valamint az ism\u00e9tl\u0151d\u0151 sz\u00f6vegegys\u00e9gek k\u00f6vetkezetess\u00e9g\u00e9nek biztos\u00edt\u00e1sa. A ford\u00edt\u00f3k nem felt\u00e9tlen\u00fcl rendelkeznek sz\u00e1m\u00edt\u00e1stechnikai szakismeretekkel, ez\u00e9rt van sz\u00fcks\u00e9g a hat\u00e9kony m\u0171szaki t\u00e1mogat\u00e1sra. Ford\u00edt\u00f3rendszereink seg\u00edts\u00e9g\u00e9vel \u00fcgyfeleink sz\u00e1m\u00e1ra k\u00f6vetkezetes terminol\u00f3giahaszn\u00e1latot, az ism\u00e9tl\u0151d\u0151 mondatok eset\u00e9ben automatikus ford\u00edt\u00e1st, a m\u0171szaki probl\u00e9m\u00e1kra vonatkoz\u00f3an pedig szakszer\u0171 hibaelh\u00e1r\u00edt\u00e1st biztos\u00edtunk. Az \u00f6sszes m\u00e9rn\u00f6ki feladatot elv\u00e9gezz\u00fck \u00d6n helyett: a ford\u00edt\u00f3knak mind\u00f6ssze arra kell \u00f6sszpontos\u00edtaniuk, hogy a forr\u00e1ssz\u00f6veget pontosan \u00e9s nyelvileg helyes form\u00e1ban \u00fcltess\u00e9k \u00e1t a c\u00e9lnyelvre.<\/p>\n<h4>T\u00e1mogatott eszk\u00f6z\u00f6k<\/h4>\n<p>Alchemy Catalyst, Deja Vu, IBM TranslationManager, LEAF Editor, LocStudio, SDLX, Trados 2007, Trados Studio 2009, Trados Studio 2011, Trados Studio 2014, Transit NXT, Transit XV, Wordfast, Xtrans \u00e9s ig\u00e9ny szerint egy\u00e9b eszk\u00f6z\u00f6k.<br \/>\n[\/et_pb_text][\/et_pb_column][et_pb_column type=&#8221;1_4&#8243; _builder_version=&#8221;3.25&#8243; custom_padding=&#8221;|||&#8221; custom_padding__hover=&#8221;|||&#8221;][et_pb_text admin_label=&#8221;Text&#8221; _builder_version=&#8221;3.27.4&#8243; background_size=&#8221;initial&#8221; background_position=&#8221;top_left&#8221; background_repeat=&#8221;repeat&#8221; use_border_color=&#8221;off&#8221;]<\/p>\n<h4>Nyelvi szolg\u00e1ltat\u00e1sok*<\/h4>\n<ul>\n<li><a title=\"Ford\u00edt\u00e1s\" href=\"\/hu\/szolgaltatasok\/forditas\/\">Ford\u00edt\u00e1s<\/a><\/li>\n<li><a title=\"Min\u0151s\u00e9gbiztos\u00edt\u00e1s\" href=\"\/hu\/szolgaltatasok\/minosegbiztositas\/\">Min\u0151s\u00e9gbiztos\u00edt\u00e1s<\/a><\/li>\n<li><a title=\"Terminol\u00f3gia egyeztet\u00e9se\" href=\"\/hu\/szolgaltatasok\/terminologia-egyeztetese\/\">Terminol\u00f3gia egyeztet\u00e9se <\/a><\/li>\n<\/ul>\n<h4>M\u0171szaki szolg\u00e1ltat\u00e1sok**<\/h4>\n<ul>\n<li><b>Honos\u00edt\u00f3 m\u00e9rn\u00f6ki feladatok<\/b><\/li>\n<li><a title=\"Sz\u00f6vegszinkroniz\u00e1l\u00e1s\" href=\"\/hu\/szolgaltatasok\/szovegszinkronizalas\/\">Sz\u00f6vegszinkroniz\u00e1l\u00e1s <\/a><\/li>\n<\/ul>\n<p>*bizonyos nyelveken el\u00e9rhet\u0151<br \/>\n**minden nyelven el\u00e9rhet\u0151<br \/>\n[\/et_pb_text][\/et_pb_column][\/et_pb_row][\/et_pb_section]<\/p>\n","protected":false},"excerpt":{"rendered":"<p>A nyelv\u00e9szek feladata a t\u00f6k\u00e9letes ford\u00edt\u00e1s elk\u00e9sz\u00edt\u00e9se, a sz\u00f6veg megfelel\u0151 megjelen\u00edt\u00e9s\u00e9r\u0151l azonban a honos\u00edt\u00f3 m\u00e9rn\u00f6k\u00f6k gondoskodnak<\/p>\n","protected":false},"author":2,"featured_media":0,"parent":32,"menu_order":0,"comment_status":"closed","ping_status":"closed","template":"","meta":{"_et_pb_use_builder":"on","_et_pb_old_content":"Technical tasks related to translation may be a very challenging. Proper display of special, local characters and ensuring consistency of repetitive text items are just two examples.\r\n\r\nTranslator is usually not an expert of information systems, so someone has to provide him\/her with a strong technical background of effective work. Using our translation systems, our customers benefit from ensuring consistency of terminology, automatic translation of repetitive sentences, and effective handling of technical problems.\r\n\r\nUsing our support services, translators of our customers have only one thing to focus on, precise and correct formulation of translated text.\r\n<h4>Language services*<\/h4>\r\n<ul>\r\n\t<li><a title=\"Translation\" href=\"http:\/\/88.151.102.243\/en\/services\/translation\/\">Translation<\/a><\/li>\r\n\t<li><a title=\"Quality Assurance\" href=\"http:\/\/88.151.102.243\/en\/services\/quality-assurance\/\">Quality Assurance<\/a><\/li>\r\n\t<li><a title=\"Subtitling\" href=\"http:\/\/88.151.102.243\/en\/services\/subtitling\/\">Subtitling<\/a><\/li>\r\n\t<li><a title=\"Audio recording\" href=\"http:\/\/88.151.102.243\/en\/services\/audio-recording\/\">Audio Recording<\/a><\/li>\r\n\t<li><a title=\"Terminology consultation\" href=\"http:\/\/88.151.102.243\/en\/services\/terminology-consultation\/\">Terminology Consultation\r\n<\/a><span style=\"line-height: 1.5em;\">* available in some languages<\/span><\/li>\r\n<\/ul>\r\n<h4>Technical services**<\/h4>\r\n<ul>\r\n\t<li><a title=\"Testing\" href=\"http:\/\/88.151.102.243\/en\/services\/testing\/\">Testing<\/a><\/li>\r\n\t<li><a title=\"Desktop Publishing\" href=\"http:\/\/88.151.102.243\/en\/services\/desktop-publishing\/\">Desktop Publishing<\/a><\/li>\r\n\t<li><a title=\"Localization engineering\" href=\"http:\/\/88.151.102.243\/en\/services\/translation-support\/\">Localization Engineering<\/a><\/li>\r\n\t<li><a title=\"Alignment\" href=\"http:\/\/88.151.102.243\/en\/services\/alignment\/\">Alignment\r\n<\/a>** all languages supported<\/li>\r\n<\/ul>\r\n\u00a0","_et_gb_content_width":"","footnotes":""},"class_list":["post-83","page","type-page","status-publish","hentry"],"_links":{"self":[{"href":"https:\/\/tekloc.net\/hu\/wp-json\/wp\/v2\/pages\/83","targetHints":{"allow":["GET"]}}],"collection":[{"href":"https:\/\/tekloc.net\/hu\/wp-json\/wp\/v2\/pages"}],"about":[{"href":"https:\/\/tekloc.net\/hu\/wp-json\/wp\/v2\/types\/page"}],"author":[{"embeddable":true,"href":"https:\/\/tekloc.net\/hu\/wp-json\/wp\/v2\/users\/2"}],"replies":[{"embeddable":true,"href":"https:\/\/tekloc.net\/hu\/wp-json\/wp\/v2\/comments?post=83"}],"version-history":[{"count":5,"href":"https:\/\/tekloc.net\/hu\/wp-json\/wp\/v2\/pages\/83\/revisions"}],"predecessor-version":[{"id":868,"href":"https:\/\/tekloc.net\/hu\/wp-json\/wp\/v2\/pages\/83\/revisions\/868"}],"up":[{"embeddable":true,"href":"https:\/\/tekloc.net\/hu\/wp-json\/wp\/v2\/pages\/32"}],"wp:attachment":[{"href":"https:\/\/tekloc.net\/hu\/wp-json\/wp\/v2\/media?parent=83"}],"curies":[{"name":"wp","href":"https:\/\/api.w.org\/{rel}","templated":true}]}}