{"id":52,"date":"2014-02-13T04:07:10","date_gmt":"2014-02-13T03:07:10","guid":{"rendered":"http:\/\/88.151.102.243\/en\/?page_id=52"},"modified":"2024-11-02T23:30:21","modified_gmt":"2024-11-02T22:30:21","slug":"kezdolap","status":"publish","type":"page","link":"https:\/\/tekloc.net\/hu\/","title":{"rendered":"Kezd\u0151lap"},"content":{"rendered":"<p>[et_pb_section fb_built=&#8221;1&#8243; admin_label=&#8221;section&#8221; _builder_version=&#8221;4.16&#8243; global_colors_info=&#8221;{}&#8221;][et_pb_row admin_label=&#8221;row&#8221; _builder_version=&#8221;4.16&#8243; background_size=&#8221;initial&#8221; background_position=&#8221;top_left&#8221; background_repeat=&#8221;repeat&#8221; global_colors_info=&#8221;{}&#8221;][et_pb_column type=&#8221;4_4&#8243; _builder_version=&#8221;4.16&#8243; custom_padding=&#8221;|||&#8221; global_colors_info=&#8221;{}&#8221; custom_padding__hover=&#8221;|||&#8221;][et_pb_slider admin_label=&#8221;Slider&#8221; _builder_version=&#8221;4.16&#8243; parallax=&#8221;on&#8221; custom_padding=&#8221;|||&#8221; auto=&#8221;on&#8221; global_colors_info=&#8221;{}&#8221; button_text_size__hover_enabled=&#8221;off&#8221; button_one_text_size__hover_enabled=&#8221;off&#8221; button_two_text_size__hover_enabled=&#8221;off&#8221; button_text_color__hover_enabled=&#8221;off&#8221; button_one_text_color__hover_enabled=&#8221;off&#8221; button_two_text_color__hover_enabled=&#8221;off&#8221; button_border_width__hover_enabled=&#8221;off&#8221; button_one_border_width__hover_enabled=&#8221;off&#8221; button_two_border_width__hover_enabled=&#8221;off&#8221; button_border_color__hover_enabled=&#8221;off&#8221; button_one_border_color__hover_enabled=&#8221;off&#8221; button_two_border_color__hover_enabled=&#8221;off&#8221; button_border_radius__hover_enabled=&#8221;off&#8221; button_one_border_radius__hover_enabled=&#8221;off&#8221; button_two_border_radius__hover_enabled=&#8221;off&#8221; button_letter_spacing__hover_enabled=&#8221;off&#8221; button_one_letter_spacing__hover_enabled=&#8221;off&#8221; button_two_letter_spacing__hover_enabled=&#8221;off&#8221; button_bg_color__hover_enabled=&#8221;off&#8221; button_one_bg_color__hover_enabled=&#8221;off&#8221; button_two_bg_color__hover_enabled=&#8221;off&#8221;][et_pb_slide heading=&#8221;Ford\u00edt\u00e1s&#8221; button_text=&#8221;B\u0151vebben&#8221; button_link=&#8221;\/hu\/szolgaltatasok\/forditas\/&#8221; image=&#8221;\/en\/wp-content\/uploads\/sites\/2\/2014\/03\/translation.png&#8221; _builder_version=&#8221;4.16&#8243; background_color=&#8221;#028ba0&#8243; global_colors_info=&#8221;{}&#8221; button_text_size__hover_enabled=&#8221;off&#8221; button_one_text_size__hover_enabled=&#8221;off&#8221; button_two_text_size__hover_enabled=&#8221;off&#8221; button_text_color__hover_enabled=&#8221;off&#8221; button_one_text_color__hover_enabled=&#8221;off&#8221; button_two_text_color__hover_enabled=&#8221;off&#8221; button_border_width__hover_enabled=&#8221;off&#8221; button_one_border_width__hover_enabled=&#8221;off&#8221; button_two_border_width__hover_enabled=&#8221;off&#8221; button_border_color__hover_enabled=&#8221;off&#8221; button_one_border_color__hover_enabled=&#8221;off&#8221; button_two_border_color__hover_enabled=&#8221;off&#8221; button_border_radius__hover_enabled=&#8221;off&#8221; button_one_border_radius__hover_enabled=&#8221;off&#8221; button_two_border_radius__hover_enabled=&#8221;off&#8221; button_letter_spacing__hover_enabled=&#8221;off&#8221; button_one_letter_spacing__hover_enabled=&#8221;off&#8221; button_two_letter_spacing__hover_enabled=&#8221;off&#8221; button_bg_color__hover_enabled=&#8221;off&#8221; button_one_bg_color__hover_enabled=&#8221;off&#8221; button_two_bg_color__hover_enabled=&#8221;off&#8221; sticky_transition=&#8221;on&#8221;]B\u00e1rmilyen \u00f6sszetett honos\u00edt\u00e1si feladatr\u00f3l is legyen sz\u00f3, a ford\u00edt\u00e1s a folyamat legfontosabb\u00a0l\u00e9p\u00e9se. A projektvezet\u0151k, a m\u00e9rn\u00f6k\u00f6k \u00e9s a tesztel\u0151k kisz\u0171rhetik a hib\u00e1kat, azonban a c\u00e9lnyelvi sz\u00f6veg min\u0151s\u00e9g\u00e9t a ford\u00edt\u00f3 munk\u00e1ja hat\u00e1rozza meg.<br \/>\n[\/et_pb_slide][et_pb_slide heading=&#8221;Technol\u00f3gia&#8221; button_text=&#8221;B\u0151vebben&#8221; button_link=&#8221;\/hu\/szolgaltatasok\/&#8221; image=&#8221;https:\/\/tekloc.net\/en\/wp-content\/uploads\/sites\/2\/2014\/02\/transTechBuzzwords.png&#8221; use_bg_overlay=&#8221;off&#8221; use_text_overlay=&#8221;off&#8221; _builder_version=&#8221;4.16&#8243; background_color=&#8221;#045f8d&#8221; background_position=&#8221;top_left&#8221; button_on_hover=&#8221;on&#8221; global_colors_info=&#8221;{}&#8221; button_text_size__hover_enabled=&#8221;off&#8221; button_one_text_size__hover_enabled=&#8221;off&#8221; button_two_text_size__hover_enabled=&#8221;off&#8221; button_text_color__hover_enabled=&#8221;off&#8221; button_one_text_color__hover_enabled=&#8221;off&#8221; button_two_text_color__hover_enabled=&#8221;off&#8221; button_border_width__hover_enabled=&#8221;off&#8221; button_one_border_width__hover_enabled=&#8221;off&#8221; button_two_border_width__hover_enabled=&#8221;off&#8221; button_border_color__hover_enabled=&#8221;off&#8221; button_one_border_color__hover_enabled=&#8221;off&#8221; button_two_border_color__hover_enabled=&#8221;off&#8221; button_border_radius__hover_enabled=&#8221;off&#8221; button_one_border_radius__hover_enabled=&#8221;off&#8221; button_two_border_radius__hover_enabled=&#8221;off&#8221; button_letter_spacing__hover_enabled=&#8221;off&#8221; button_one_letter_spacing__hover_enabled=&#8221;off&#8221; button_two_letter_spacing__hover_enabled=&#8221;off&#8221; button_bg_color__hover_enabled=&#8221;off&#8221; button_one_bg_color__hover_enabled=&#8221;off&#8221; button_two_bg_color__hover_enabled=&#8221;off&#8221; sticky_transition=&#8221;on&#8221;]<\/p>\n<p style=\"text-align: left;\"><strong>TM, TB, CAT, TeNT, TMS:<\/strong>\u00a0korszer\u0171 technol\u00f3gi\u00e1k ford\u00edt\u00f3ink szolg\u00e1lat\u00e1ban.<\/p>\n<p style=\"text-align: left;\">A ford\u00edt\u00e1s ma m\u00e1r nem tartozik az \u00edr\u00f3g\u00e9ppel v\u00e9gezhet\u0151 szakm\u00e1k k\u00f6z\u00e9. Val\u00f3j\u00e1ban nagy m\u00e9rt\u00e9kben t\u00e1maszkodik a k\u00fcl\u00f6nf\u00e9le, gyors iramban fejl\u0151d\u0151 technol\u00f3giai megold\u00e1sokra.<\/p>\n<p>[\/et_pb_slide][et_pb_slide heading=&#8221;Min\u0151s\u00e9g&#8221; button_text=&#8221;B\u0151vebben&#8221; button_link=&#8221;\/hu\/cegunk\/minosegpolitika\/&#8221; image=&#8221;https:\/\/tekloc.net\/hu\/wp-content\/uploads\/sites\/3\/2020\/07\/ISO-9001-HU_1.png&#8221; _builder_version=&#8221;4.16&#8243; background_color=&#8221;#045f8d&#8221; button_icon_placement=&#8221;right&#8221; button_on_hover=&#8221;on&#8221; global_colors_info=&#8221;{}&#8221; button_text_size__hover_enabled=&#8221;off&#8221; button_one_text_size__hover_enabled=&#8221;off&#8221; button_two_text_size__hover_enabled=&#8221;off&#8221; button_text_color__hover_enabled=&#8221;off&#8221; button_one_text_color__hover_enabled=&#8221;off&#8221; button_two_text_color__hover_enabled=&#8221;off&#8221; button_border_width__hover_enabled=&#8221;off&#8221; button_one_border_width__hover_enabled=&#8221;off&#8221; button_two_border_width__hover_enabled=&#8221;off&#8221; button_border_color__hover_enabled=&#8221;off&#8221; button_one_border_color__hover_enabled=&#8221;off&#8221; button_two_border_color__hover_enabled=&#8221;off&#8221; button_border_radius__hover_enabled=&#8221;off&#8221; button_one_border_radius__hover_enabled=&#8221;off&#8221; button_two_border_radius__hover_enabled=&#8221;off&#8221; button_letter_spacing__hover_enabled=&#8221;off&#8221; button_one_letter_spacing__hover_enabled=&#8221;off&#8221; button_two_letter_spacing__hover_enabled=&#8221;off&#8221; button_bg_color__hover_enabled=&#8221;off&#8221; button_one_bg_color__hover_enabled=&#8221;off&#8221; button_two_bg_color__hover_enabled=&#8221;off&#8221; sticky_transition=&#8221;on&#8221;]A min\u0151s\u00e9g el\u00e9r\u00e9se fontos. A min\u0151s\u00e9g fenntart\u00e1sa pedig l\u00e9tfontoss\u00e1g\u00fa. Ennek \u00e9rdek\u00e9ben ISO min\u0151s\u00e9gir\u00e1ny\u00edt\u00e1si rendszert alkalmazunk.<br \/>\n[\/et_pb_slide][et_pb_slide heading=&#8221;M\u00e9rn\u00f6ki feladatok&#8221; button_text=&#8221;B\u0151vebben&#8221; button_link=&#8221;\/hu\/szolgaltatasok\/honosito-mernoki-feladatok\/&#8221; image=&#8221;https:\/\/tekloc.net\/en\/wp-content\/uploads\/sites\/2\/2014\/02\/Agyvalto_2d.png&#8221; use_bg_overlay=&#8221;off&#8221; use_text_overlay=&#8221;off&#8221; _builder_version=&#8221;4.16&#8243; background_color=&#8221;#00b2cd&#8221; background_position=&#8221;top_left&#8221; button_on_hover=&#8221;on&#8221; global_colors_info=&#8221;{}&#8221; button_text_size__hover_enabled=&#8221;off&#8221; button_one_text_size__hover_enabled=&#8221;off&#8221; button_two_text_size__hover_enabled=&#8221;off&#8221; button_text_color__hover_enabled=&#8221;off&#8221; button_one_text_color__hover_enabled=&#8221;off&#8221; button_two_text_color__hover_enabled=&#8221;off&#8221; button_border_width__hover_enabled=&#8221;off&#8221; button_one_border_width__hover_enabled=&#8221;off&#8221; button_two_border_width__hover_enabled=&#8221;off&#8221; button_border_color__hover_enabled=&#8221;off&#8221; button_one_border_color__hover_enabled=&#8221;off&#8221; button_two_border_color__hover_enabled=&#8221;off&#8221; button_border_radius__hover_enabled=&#8221;off&#8221; button_one_border_radius__hover_enabled=&#8221;off&#8221; button_two_border_radius__hover_enabled=&#8221;off&#8221; button_letter_spacing__hover_enabled=&#8221;off&#8221; button_one_letter_spacing__hover_enabled=&#8221;off&#8221; button_two_letter_spacing__hover_enabled=&#8221;off&#8221; button_bg_color__hover_enabled=&#8221;off&#8221; button_one_bg_color__hover_enabled=&#8221;off&#8221; button_two_bg_color__hover_enabled=&#8221;off&#8221; sticky_transition=&#8221;on&#8221;]Mint azt el\u0151bb-ut\u00f3bb tapasztalni fogja, a ford\u00edt\u00e1sok hat\u00e9kony elk\u00e9sz\u00edt\u00e9s\u00e9hez egy m\u00e9rn\u00f6k munk\u00e1ja is sz\u00fcks\u00e9ges. Mi a m\u00e9rn\u00f6k feladata? A m\u00e9rn\u00f6k gondoskodik arr\u00f3l, hogy minden tartalom a megfelel\u0151 helyen \u00e9s a megfelel\u0151 form\u00e1tumban jelenjen meg.<br \/>\n[\/et_pb_slide][\/et_pb_slider][\/et_pb_column][\/et_pb_row][\/et_pb_section][et_pb_section fb_built=&#8221;1&#8243; admin_label=&#8221;section&#8221; _builder_version=&#8221;4.16&#8243; global_colors_info=&#8221;{}&#8221;][et_pb_row column_structure=&#8221;1_4,1_4,1_4,1_4&#8243; admin_label=&#8221;row&#8221; _builder_version=&#8221;4.16&#8243; background_size=&#8221;initial&#8221; background_position=&#8221;top_left&#8221; background_repeat=&#8221;repeat&#8221; global_colors_info=&#8221;{}&#8221;][et_pb_column type=&#8221;1_4&#8243; _builder_version=&#8221;4.16&#8243; custom_padding=&#8221;|||&#8221; global_colors_info=&#8221;{}&#8221; custom_padding__hover=&#8221;|||&#8221;][et_pb_blurb title=&#8221;Id\u0151ben&#8221; image=&#8221;\/en\/wp-content\/uploads\/sites\/2\/2014\/03\/time.png&#8221; image_icon_width=&#8221;none&#8221; admin_label=&#8221;Blurb&#8221; _builder_version=&#8221;4.16&#8243; background_size=&#8221;initial&#8221; background_position=&#8221;top_left&#8221; background_repeat=&#8221;repeat&#8221; text_orientation=&#8221;center&#8221; animation=&#8221;off&#8221; use_border_color=&#8221;off&#8221; border_color=&#8221;#ffffff&#8221; border_style=&#8221;solid&#8221; image_max_width=&#8221;none&#8221; global_colors_info=&#8221;{}&#8221;]Az \u00fctemterv minden projekt legfontosabb dokumentuma. Ez a ford\u00edt\u00e1s eset\u00e9ben is igaz: minden sz\u00f6vegnek id\u0151ben el kell k\u00e9sz\u00fclnie.<br \/>\n[\/et_pb_blurb][\/et_pb_column][et_pb_column type=&#8221;1_4&#8243; _builder_version=&#8221;4.16&#8243; custom_padding=&#8221;|||&#8221; global_colors_info=&#8221;{}&#8221; custom_padding__hover=&#8221;|||&#8221;][et_pb_blurb title=&#8221;K\u00f6lts\u00e9ghat\u00e9konyan&#8221; image=&#8221;\/en\/wp-content\/uploads\/sites\/2\/2014\/03\/piggy.png&#8221; image_icon_width=&#8221;none&#8221; admin_label=&#8221;Blurb&#8221; _builder_version=&#8221;4.16&#8243; background_size=&#8221;initial&#8221; background_position=&#8221;top_left&#8221; background_repeat=&#8221;repeat&#8221; text_orientation=&#8221;center&#8221; animation=&#8221;off&#8221; use_border_color=&#8221;off&#8221; border_color=&#8221;#ffffff&#8221; border_style=&#8221;solid&#8221; image_max_width=&#8221;none&#8221; global_colors_info=&#8221;{}&#8221;]A ford\u00edt\u00e1s k\u00f6lts\u00e9geit m\u00e1r a munka megkezd\u00e9sekor fel kell tudni m\u00e9rnie. \u00c1raj\u00e1nlataink lehet\u0151s\u00e9g szerint a forr\u00e1ssz\u00f6vegb\u0151l k\u00e9sz\u00fclnek, \u00e9s ford\u00edt\u00e1stechnol\u00f3gia\u00a0megtakar\u00edt\u00e1sait is tov\u00e1bbadjuk az \u00fcgyf\u00e9lnek.<br \/>\n[\/et_pb_blurb][\/et_pb_column][et_pb_column type=&#8221;1_4&#8243; _builder_version=&#8221;4.16&#8243; custom_padding=&#8221;|||&#8221; global_colors_info=&#8221;{}&#8221; custom_padding__hover=&#8221;|||&#8221;][et_pb_blurb title=&#8221;Egy\u00fcttm\u0171k\u00f6dve&#8221; url=&#8221;\/hu\/szolgaltatasok\/terminologia-egyeztetese\/&#8221; image=&#8221;\/en\/wp-content\/uploads\/sites\/2\/2014\/03\/board.png&#8221; image_icon_width=&#8221;none&#8221; admin_label=&#8221;Blurb&#8221; _builder_version=&#8221;4.16&#8243; background_size=&#8221;initial&#8221; background_position=&#8221;top_left&#8221; background_repeat=&#8221;repeat&#8221; text_orientation=&#8221;center&#8221; animation=&#8221;off&#8221; use_border_color=&#8221;off&#8221; border_color=&#8221;#ffffff&#8221; border_style=&#8221;solid&#8221; image_max_width=&#8221;none&#8221; global_colors_info=&#8221;{}&#8221;]K\u00e9szs\u00e9ggel m\u0171k\u00f6d\u00fcnk egy\u00fctt magyar csapat\u00e1val a k\u00edv\u00e1nt st\u00edlus \u00e9s terminol\u00f3gia kialak\u00edt\u00e1sakor. K\u00fcl\u00f6n figyelmet ford\u00edtunk arra, hogy a forr\u00e1ssz\u00f6veg tartalm\u00e1t k\u00f6vetkezetes \u00e9s hat\u00e9kony m\u00f3don \u00fcltess\u00fck \u00e1t a c\u00e9lnyelvre.<br \/>\n[\/et_pb_blurb][\/et_pb_column][et_pb_column type=&#8221;1_4&#8243; _builder_version=&#8221;4.16&#8243; custom_padding=&#8221;|||&#8221; global_colors_info=&#8221;{}&#8221; custom_padding__hover=&#8221;|||&#8221;][et_pb_blurb title=&#8221;Min\u0151s\u00e9gi munk\u00e1val&#8221; url=&#8221;\/hu\/cegunk\/minosegpolitika\/&#8221; image=&#8221;\/en\/wp-content\/uploads\/sites\/2\/2014\/02\/ISO-9001-Excluding-Design-e1394249217843.jpg&#8221; image_icon_width=&#8221;none&#8221; admin_label=&#8221;Blurb&#8221; _builder_version=&#8221;4.16&#8243; background_size=&#8221;initial&#8221; background_position=&#8221;top_left&#8221; background_repeat=&#8221;repeat&#8221; text_orientation=&#8221;center&#8221; animation=&#8221;off&#8221; use_border_color=&#8221;off&#8221; border_color=&#8221;#ffffff&#8221; border_style=&#8221;solid&#8221; image_max_width=&#8221;none&#8221; global_colors_info=&#8221;{}&#8221;]Minden megb\u00edz\u00e1s teljes\u00edt\u00e9sekor betartjuk a tev\u00e9kenys\u00e9geinkre vonatkoz\u00f3 min\u0151s\u00e9gpolitik\u00e1nk ir\u00e1nyelveit. Az ISO 9001 min\u0151s\u00e9gir\u00e1ny\u00edt\u00e1si szabv\u00e1nyt alkalmazzuk, \u00e9s minden k\u00f6vetelm\u00e9ny\u00e9t szigor\u00faan betartjuk.<br \/>\n[\/et_pb_blurb][\/et_pb_column][\/et_pb_row][\/et_pb_section][et_pb_section fb_built=&#8221;1&#8243; admin_label=&#8221;section&#8221; _builder_version=&#8221;4.16&#8243; global_colors_info=&#8221;{}&#8221;][et_pb_row admin_label=&#8221;row&#8221; _builder_version=&#8221;4.16&#8243; background_size=&#8221;initial&#8221; background_position=&#8221;top_left&#8221; background_repeat=&#8221;repeat&#8221; global_colors_info=&#8221;{}&#8221;][et_pb_column type=&#8221;4_4&#8243; _builder_version=&#8221;4.16&#8243; custom_padding=&#8221;|||&#8221; global_colors_info=&#8221;{}&#8221; custom_padding__hover=&#8221;|||&#8221;][et_pb_text admin_label=&#8221;Text&#8221; _builder_version=&#8221;4.16&#8243; background_size=&#8221;initial&#8221; background_position=&#8221;top_left&#8221; background_repeat=&#8221;repeat&#8221; use_border_color=&#8221;off&#8221; border_color=&#8221;#ffffff&#8221; border_style=&#8221;solid&#8221; global_colors_info=&#8221;{}&#8221;][\/et_pb_text][\/et_pb_column][\/et_pb_row][\/et_pb_section]<\/p>\n","protected":false},"excerpt":{"rendered":"<p>T.\u00c9.K. Honos\u00edt\u00e1s: Ford\u00edt\u00e1s, honos\u00edt\u00e1s, DTP, m\u00e9rn\u00f6ki feladatok elv\u00e9gz\u00e9se<\/p>\n","protected":false},"author":2,"featured_media":0,"parent":0,"menu_order":0,"comment_status":"open","ping_status":"open","template":"","meta":{"_et_pb_use_builder":"on","_et_pb_old_content":"","_et_gb_content_width":"","footnotes":""},"class_list":["post-52","page","type-page","status-publish","hentry"],"_links":{"self":[{"href":"https:\/\/tekloc.net\/hu\/wp-json\/wp\/v2\/pages\/52","targetHints":{"allow":["GET"]}}],"collection":[{"href":"https:\/\/tekloc.net\/hu\/wp-json\/wp\/v2\/pages"}],"about":[{"href":"https:\/\/tekloc.net\/hu\/wp-json\/wp\/v2\/types\/page"}],"author":[{"embeddable":true,"href":"https:\/\/tekloc.net\/hu\/wp-json\/wp\/v2\/users\/2"}],"replies":[{"embeddable":true,"href":"https:\/\/tekloc.net\/hu\/wp-json\/wp\/v2\/comments?post=52"}],"version-history":[{"count":10,"href":"https:\/\/tekloc.net\/hu\/wp-json\/wp\/v2\/pages\/52\/revisions"}],"predecessor-version":[{"id":941,"href":"https:\/\/tekloc.net\/hu\/wp-json\/wp\/v2\/pages\/52\/revisions\/941"}],"wp:attachment":[{"href":"https:\/\/tekloc.net\/hu\/wp-json\/wp\/v2\/media?parent=52"}],"curies":[{"name":"wp","href":"https:\/\/api.w.org\/{rel}","templated":true}]}}