{"id":449,"date":"2014-03-01T04:06:53","date_gmt":"2014-03-01T03:06:53","guid":{"rendered":"http:\/\/88.151.102.243\/en\/?page_id=449"},"modified":"2016-01-11T03:18:41","modified_gmt":"2016-01-11T02:18:41","slug":"ajanlatkeres","status":"publish","type":"page","link":"https:\/\/tekloc.net\/hu\/cegunk\/ajanlatkeres\/","title":{"rendered":"Aj\u00e1nlatk\u00e9r\u00e9s"},"content":{"rendered":"<p>[et_pb_section admin_label=&#8221;section&#8221; background_color=&#8221;#045f8d&#8221; inner_shadow=&#8221;on&#8221; fullwidth=&#8221;on&#8221; parallax=&#8221;off&#8221;][et_pb_fullwidth_header admin_label=&#8221;Fullwidth Header&#8221; title=&#8221;Aj\u00e1nlatk\u00e9r\u00e9s&#8221; background_layout=&#8221;dark&#8221; text_orientation=&#8221;left&#8221; subhead=&#8221;Csak k\u00fcldje el a dokumentumokat, \u00e9s elk\u00e9sz\u00edtj\u00fck az \u00e1raj\u00e1nlatot.&#8221;] [\/et_pb_fullwidth_header][\/et_pb_section][et_pb_section admin_label=&#8221;section&#8221; fullwidth=&#8221;off&#8221;][et_pb_row admin_label=&#8221;row&#8221;][et_pb_column type=&#8221;1_2&#8243;][\/et_pb_column][et_pb_column type=&#8221;1_2&#8243;][\/et_pb_column][\/et_pb_row][\/et_pb_section][et_pb_section admin_label=&#8221;section&#8221; fullwidth=&#8221;off&#8221;][et_pb_row admin_label=&#8221;row&#8221;][et_pb_column type=&#8221;4_4&#8243;][et_pb_text admin_label=&#8221;Text&#8221; background_layout=&#8221;light&#8221; text_orientation=&#8221;left&#8221; text_font_size=&#8221;14&#8243; use_border_color=&#8221;off&#8221; border_color=&#8221;#ffffff&#8221; border_style=&#8221;solid&#8221;]<\/p>\n<link rel='stylesheet' id='formidable-css' href='https:\/\/tekloc.net\/hu\/wp-content\/plugins\/formidable\/css\/formidableforms3.css?ver=418712' type='text\/css' media='all' \/>\n<div class=\"frm_forms  with_frm_style frm_style_formidable-style\" id=\"frm_form_2_container\" >\n<form enctype=\"multipart\/form-data\" method=\"post\" class=\"frm-show-form  frm_ajax_submit \" id=\"form_agspa6\" >\n<div class=\"frm_form_fields \">\n<fieldset>\n<legend class=\"frm_hidden\">Aj\u00e1nlatk\u00e9r\u00e9s<\/legend>\r\n\r\n<div class=\"frm_fields_container\">\n<input type=\"hidden\" name=\"frm_action\" value=\"create\" \/>\n<input type=\"hidden\" name=\"form_id\" value=\"2\" \/>\n<input type=\"hidden\" name=\"frm_hide_fields_2\" id=\"frm_hide_fields_2\" value=\"\" \/>\n<input type=\"hidden\" name=\"form_key\" value=\"agspa6\" \/>\n<input type=\"hidden\" name=\"item_meta[0]\" value=\"\" \/>\n<input type=\"hidden\" id=\"frm_submit_entry_2\" name=\"frm_submit_entry_2\" value=\"882c7e449e\" \/><input type=\"hidden\" name=\"_wp_http_referer\" value=\"\/hu\/wp-json\/wp\/v2\/pages\/449\" \/><div id=\"frm_field_124_container\" class=\"frm_form_field form-field  frm_required_field frm_top_container vertical_radio\">\r\n    <label for=\"field_p4lgg\" class=\"frm_primary_label\">A jelen \u0171rlap haszn\u00e1lat\u00e1val elfogadja az Adatkezel\u00e9si t\u00e1j\u00e9koztat\u00f3ban szerepl\u0151 felt\u00e9teleket\r\n        <span class=\"frm_required\">*<\/span>\r\n    <\/label>\r\n    <div class=\"frm_opt_container\">\t\t<div class=\"frm_checkbox\" id=\"frm_checkbox_124-0\">\t\t\t<label  for=\"field_p4lgg-0\">\n\t\t\t<input type=\"checkbox\" name=\"item_meta[124][]\" id=\"field_p4lgg-0\" value=\"Elfogadom az &lt;a href=&quot;https:\/\/tekloc.net\/hu\/cegunk\/altalanos-szerzodesi-feltetelek\/&quot;&gt;\u00c1ltal\u00e1nos Szerz\u0151d\u00e9si Felt\u00e9telek&lt;\/a&gt; \u00e9s az &lt;a href=&quot;https:\/\/tekloc.net\/hu\/cegunk\/adatkezelesi-tajekoztato\/&quot;&gt;Adatkezel\u00e9si t\u00e1j\u00e9koztat\u00f3&lt;\/a&gt; felt\u00e9teleit\"  data-reqmsg=\"Az \u0171rlap haszn\u00e1lat\u00e1hoz el kell fogadnia az adatkezel\u00e9si t\u00e1j\u00e9koztat\u00f3 felt\u00e9teleit\" data-invmsg=\"A jelen \u0171rlap haszn\u00e1lat\u00e1val elfogadja az Adatkezel\u00e9si t\u00e1j\u00e9koztat\u00f3ban szerepl\u0151 felt\u00e9teleket is invalid\"   aria-required=\"true\"  \/> Elfogadom az <a href=\"https:\/\/tekloc.net\/hu\/cegunk\/altalanos-szerzodesi-feltetelek\/\">\u00c1ltal\u00e1nos Szerz\u0151d\u00e9si Felt\u00e9telek<\/a> \u00e9s az <a href=\"https:\/\/tekloc.net\/hu\/cegunk\/adatkezelesi-tajekoztato\/\">Adatkezel\u00e9si t\u00e1j\u00e9koztat\u00f3<\/a> felt\u00e9teleit<\/label><\/div>\n<\/div>\r\n    \r\n    \r\n<\/div>\n<div id=\"frm_field_8_container\" class=\"frm_form_field frm_section_heading form-field frm_top_container\">\r\n<h3 class=\"frm_pos_ frm_primary_label[collapse_class]\">Kapcsolatfelv\u00e9teli adatok<\/h3>\r\n\r\n\r\n<\/div>\n<div id=\"frm_field_10_container\" class=\"frm_form_field form-field  frm_required_field frm_top_container\">\r\n    <label for=\"field_55isxn\" class=\"frm_primary_label\">Vezet\u00e9kn\u00e9v\r\n        <span class=\"frm_required\">*<\/span>\r\n    <\/label>\r\n    <input type=\"text\" id=\"field_55isxn\" name=\"item_meta[10]\" value=\"\"  data-reqmsg=\"Ez a mez\u0151 nem lehet \u00fcres.\" aria-required=\"true\" data-invmsg=\"Vezet\u00e9kn\u00e9v is invalid\" aria-invalid=\"false\"   aria-describedby=\"frm_desc_field_55isxn\"\/>\r\n    <div id=\"frm_desc_field_55isxn\" class=\"frm_description\">Vezet\u00e9kn\u00e9v<\/div>\r\n    \r\n<\/div>\n<div id=\"frm_field_92_container\" class=\"frm_form_field form-field  frm_required_field frm_top_container\">\r\n    <label for=\"field_tehn7j\" class=\"frm_primary_label\">Keresztn\u00e9v\r\n        <span class=\"frm_required\">*<\/span>\r\n    <\/label>\r\n    <input type=\"text\" id=\"field_tehn7j\" name=\"item_meta[92]\" value=\"\"  data-reqmsg=\"Ez a mez\u0151 nem hagyhat\u00f3 \u00fcresen.\" aria-required=\"true\" data-invmsg=\"Keresztn\u00e9v is invalid\" aria-invalid=\"false\"   aria-describedby=\"frm_desc_field_tehn7j\"\/>\r\n    <div id=\"frm_desc_field_tehn7j\" class=\"frm_description\">Keresztn\u00e9v<\/div>\r\n    \r\n<\/div>\n<div id=\"frm_field_93_container\" class=\"frm_form_field form-field  frm_required_field frm_top_container\">\r\n    <label for=\"field_hs3cm1\" class=\"frm_primary_label\">E-mail\r\n        <span class=\"frm_required\">*<\/span>\r\n    <\/label>\r\n    <input type=\"text\" id=\"field_hs3cm1\" name=\"item_meta[93]\" value=\"\"  data-reqmsg=\"Ez a mez\u0151 nem hagyhat\u00f3 \u00fcresen.\" aria-required=\"true\" data-invmsg=\"E-mail is invalid\" aria-invalid=\"false\"   aria-describedby=\"frm_desc_field_hs3cm1\"\/>\r\n    <div id=\"frm_desc_field_hs3cm1\" class=\"frm_description\">Csak arra haszn\u00e1ljuk ezt az e-mail c\u00edmet, hogy felvegy\u00fck \u00d6nnel a kapcsolatot<\/div>\r\n    \r\n<\/div>\n<div id=\"frm_field_94_container\" class=\"frm_form_field form-field  frm_top_container\">\r\n    <label for=\"field_vt80pc\" class=\"frm_primary_label\">Telefonsz\u00e1m\r\n        <span class=\"frm_required\"><\/span>\r\n    <\/label>\r\n    <input type=\"text\" id=\"field_vt80pc\" name=\"item_meta[94]\" value=\"\"  data-invmsg=\"Telefonsz\u00e1m is invalid\" aria-invalid=\"false\"  \/>\r\n    \r\n    \r\n<\/div>\n<div id=\"frm_field_9_container\" class=\"frm_form_field form-field  frm_top_container\">\n\t<label for=\"field_rpqa4l\" id=\"field_rpqa4l_label\" class=\"frm_primary_label\">End Section\n\t\t<span class=\"frm_required\" aria-hidden=\"true\"><\/span>\n\t<\/label>\n\t<input type=\"text\" id=\"field_rpqa4l\" name=\"item_meta[9]\" value=\"\"  data-invmsg=\"End Section is invalid\" aria-invalid=\"false\"  \/>\n\t\n\t\n<\/div>\n<div id=\"frm_field_96_container\" class=\"frm_form_field frm_section_heading form-field frm_top_container\">\r\n<h3 class=\"frm_pos_ frm_primary_label[collapse_class]\">Szolg\u00e1ltat\u00e1sok<\/h3>\r\n<div id=\"frm_desc_field_o8pdna\" class=\"frm_description\">K\u00e9rj\u00fck, v\u00e1lasszon az al\u00e1bbi szolg\u00e1ltat\u00e1sok k\u00f6z\u00fcl. K\u00e9rj\u00fck, vegye figyelembe, hogy csak a leggyakoribb szolg\u00e1ltat\u00e1sok \u00e9s nyelvp\u00e1rok szerepelnek az al\u00e1bbi list\u00e1ban. A tov\u00e1bbi szolg\u00e1ltat\u00e1sokr\u00f3l \u00e9s nyelvp\u00e1rokr\u00f3l az \u00e1ltal\u00e1nos <a href=\"\/hu\/kapcsolat\/\">kapcsolatfelv\u00e9teli \u0171rlapon<\/a> k\u00e9rhet inform\u00e1ci\u00f3t.<\/div>\r\n\r\n<\/div>\n<div id=\"frm_field_98_container\" class=\"frm_form_field form-field  frm_required_field frm_inline_container horizontal_radio\">\r\n    <label  class=\"frm_primary_label\">A k\u00e9rt szolg\u00e1ltat\u00e1s t\u00edpusa\r\n        <span class=\"frm_required\">*<\/span>\r\n    <\/label>\r\n    <div class=\"frm_opt_container\">\t\t<div class=\"frm_radio\" id=\"frm_radio_98-96-0\">\t\t\t<label  for=\"field_z4zv6d-0\">\n\t\t\t\t\t<input type=\"radio\" name=\"item_meta[98]\" id=\"field_z4zv6d-0\" value=\"Nyelvi szolg\u00e1ltat\u00e1s\"\n\t\t data-frmval=\"Nyelvi szolg\u00e1ltat\u00e1s\" data-reqmsg=\"K\u00e9rj\u00fck, v\u00e1lasszon.\" data-invmsg=\"A k\u00e9rt szolg\u00e1ltat\u00e1s t\u00edpusa is invalid\"  checked=\"checked\" \/> Nyelvi szolg\u00e1ltat\u00e1s<\/label><\/div>\n\t\t<div class=\"frm_radio\" id=\"frm_radio_98-96-1\">\t\t\t<label  for=\"field_z4zv6d-1\">\n\t\t\t\t\t<input type=\"radio\" name=\"item_meta[98]\" id=\"field_z4zv6d-1\" value=\"M\u0171szaki szolg\u00e1ltat\u00e1s\"\n\t\t data-frmval=\"Nyelvi szolg\u00e1ltat\u00e1s\" data-reqmsg=\"K\u00e9rj\u00fck, v\u00e1lasszon.\" data-invmsg=\"A k\u00e9rt szolg\u00e1ltat\u00e1s t\u00edpusa is invalid\"   \/> M\u0171szaki szolg\u00e1ltat\u00e1s<\/label><\/div>\n<\/div>\r\n    \r\n    \r\n<\/div>\n<div id=\"frm_field_99_container\" class=\"frm_form_field form-field  frm_required_field frm_top_container\">\r\n    <label for=\"field_c6z0gy\" class=\"frm_primary_label\">Szolg\u00e1ltat\u00e1s\r\n        <span class=\"frm_required\">*<\/span>\r\n    <\/label>\r\n    \t\t<select name=\"item_meta[99]\" id=\"field_c6z0gy\"  data-frmval=\"Ford\u00edt\u00e1s\" data-reqmsg=\"K\u00e9rj\u00fck, v\u00e1lasszon szolg\u00e1ltat\u00e1st\" aria-required=\"true\" data-invmsg=\"Szolg\u00e1ltat\u00e1s is invalid\" aria-invalid=\"false\"  >\n\t\t<option  value=\"Ford\u00edt\u00e1s\" selected='selected'>Ford\u00edt\u00e1s<\/option><option  value=\"Min\u0151s\u00e9gbiztos\u00edt\u00e1s\">Min\u0151s\u00e9gbiztos\u00edt\u00e1s<\/option><option  value=\"Feliratoz\u00e1s\">Feliratoz\u00e1s<\/option><option  value=\"Hangr\u00f6gz\u00edt\u00e9s\">Hangr\u00f6gz\u00edt\u00e9s<\/option><option  value=\"Terminol\u00f3gia egyeztet\u00e9se\">Terminol\u00f3gia egyeztet\u00e9se<\/option>\t<\/select>\n\t\r\n    \r\n    \r\n<\/div>\n<div id=\"frm_field_101_container\" class=\"frm_form_field form-field  frm_required_field frm_top_container frm_first_half\">\r\n    <label for=\"field_kph6dk\" class=\"frm_primary_label\">Nyelvek\r\n        <span class=\"frm_required\">*<\/span>\r\n    <\/label>\r\n    \t\t<select name=\"item_meta[101]\" id=\"field_kph6dk\"  data-frmval=\"Angol\" data-reqmsg=\"K\u00e9rj\u00fck, v\u00e1lasszon forr\u00e1snyelvet\" aria-required=\"true\" data-invmsg=\"Nyelvek is invalid\" aria-invalid=\"false\"  >\n\t\t<option  value=\"Angol\" selected='selected'>Angol<\/option><option  value=\"N\u00e9met\">N\u00e9met<\/option><option  value=\"Olasz\">Olasz<\/option><option  value=\"Magyar\">Magyar<\/option>\t<\/select>\n\t\r\n    <div id=\"frm_desc_field_kph6dk\" class=\"frm_description\">Forr\u00e1snyelv<\/div>\r\n    \r\n<\/div>\n<div id=\"frm_field_102_container\" class=\"frm_form_field form-field  frm_required_field frm_top_container frm_last_half\">\r\n    <label for=\"field_u4bguf\" class=\"frm_primary_label\">\r\n        <span class=\"frm_required\">*<\/span>\r\n    <\/label>\r\n    \t\t<select name=\"item_meta[102]\" id=\"field_u4bguf\"  data-frmval=\"Magyar\" data-reqmsg=\"This field cannot be blank.\" aria-required=\"true\" data-invmsg=\"This field is invalid\" aria-invalid=\"false\"  >\n\t\t<option  value=\"Angol\">Angol<\/option><option  value=\"Magyar\" selected='selected'>Magyar<\/option>\t<\/select>\n\t\r\n    <div id=\"frm_desc_field_u4bguf\" class=\"frm_description\">C\u00e9lnyelv<\/div>\r\n    \r\n<\/div>\n<div id=\"frm_field_100_container\" class=\"frm_form_field form-field  frm_required_field frm_top_container\">\r\n    <label for=\"field_vxwa1q\" class=\"frm_primary_label\">Szolg\u00e1ltat\u00e1s\r\n        <span class=\"frm_required\">*<\/span>\r\n    <\/label>\r\n    \t\t<select name=\"item_meta[100]\" id=\"field_vxwa1q\"  data-frmval=\"Tesztel\u00e9s\" data-reqmsg=\"K\u00e9rj\u00fck, v\u00e1lasszon szolg\u00e1ltat\u00e1st\" aria-required=\"true\" data-invmsg=\"Szolg\u00e1ltat\u00e1s is invalid\" aria-invalid=\"false\"  >\n\t\t<option  value=\"Kiadv\u00e1nyszerkeszt\u00e9s\">Kiadv\u00e1nyszerkeszt\u00e9s<\/option><option  value=\"Tesztel\u00e9s\" selected='selected'>Tesztel\u00e9s<\/option><option  value=\"Honos\u00edt\u00f3 m\u00e9rn\u00f6ki feladatok\">Honos\u00edt\u00f3 m\u00e9rn\u00f6ki feladatok<\/option><option  value=\"Sz\u00f6vegszinkroniz\u00e1l\u00e1s\">Sz\u00f6vegszinkroniz\u00e1l\u00e1s<\/option>\t<\/select>\n\t\r\n    \r\n    \r\n<\/div>\n<div id=\"frm_field_97_container\" class=\"frm_form_field form-field  frm_top_container\">\n\t<label for=\"field_mwxmu3\" id=\"field_mwxmu3_label\" class=\"frm_primary_label\">End Section\n\t\t<span class=\"frm_required\" aria-hidden=\"true\"><\/span>\n\t<\/label>\n\t<input type=\"text\" id=\"field_mwxmu3\" name=\"item_meta[97]\" value=\"\"  data-invmsg=\"End Section is invalid\" aria-invalid=\"false\"  \/>\n\t\n\t\n<\/div>\n<div id=\"frm_field_109_container\" class=\"frm_form_field frm_section_heading form-field frm_top_container\">\r\n<h3 class=\"frm_pos_ frm_primary_label[collapse_class]\">Ford\u00edtand\u00f3 anyagok<\/h3>\r\n<div id=\"frm_desc_field_hnfc3y\" class=\"frm_description\">A ford\u00edt\u00e1s mennyis\u00e9g\u00e9t sz\u00f3sz\u00e1mban m\u00e9rj\u00fck. Ha ismeri a sz\u00f3sz\u00e1mot, k\u00e9rj\u00fck, \u00edrja be az al\u00e1bbi mez\u0151be. Ha nem, t\u00f6ltse fel a f\u00e1jlokat, vagy a Megjegyz\u00e9s mez\u0151be \u00edrja be azt a weboldalt, ahol megtekinthetj\u00fck a ford\u00edtand\u00f3 anyagokat.<\/div>\r\n\r\n<\/div>\n<div id=\"frm_field_111_container\" class=\"frm_form_field form-field  frm_top_container frm_first_half\">\r\n    <label for=\"field_1coicr\" class=\"frm_primary_label\">\u00cdrjon n\u00e9h\u00e1ny sz\u00f3t a t\u00e9m\u00e1r\u00f3l, vagy t\u00f6lts\u00f6n fel f\u00e1jlokat\r\n        <span class=\"frm_required\"><\/span>\r\n    <\/label>\r\n    <input type=\"text\" id=\"field_1coicr\" name=\"item_meta[111]\" value=\"\"  data-invmsg=\"\u00cdrjon n\u00e9h\u00e1ny sz\u00f3t a t\u00e9m\u00e1r\u00f3l, vagy t\u00f6lts\u00f6n fel f\u00e1jlokat is invalid\" aria-invalid=\"false\"  \/>\r\n    \r\n    \r\n<\/div>\n<div id=\"frm_field_112_container\" class=\"frm_form_field form-field  frm_top_container frm_first_half\">\r\n    <label for=\"field_6v2yj0\" class=\"frm_primary_label\">Becs\u00fclt sz\u00f3sz\u00e1m\/mennyis\u00e9g\r\n        <span class=\"frm_required\"><\/span>\r\n    <\/label>\r\n    <input type=\"text\" id=\"field_6v2yj0\" name=\"item_meta[112]\" value=\"\"  data-invmsg=\"Becs\u00fclt sz\u00f3sz\u00e1m\/mennyis\u00e9g is invalid\" aria-invalid=\"false\"  \/>\r\n    \r\n    \r\n<\/div>\n<div id=\"frm_field_113_container\" class=\"frm_form_field form-field  frm_top_container frm_last_half\">\r\n    <label for=\"field_jum55x\" class=\"frm_primary_label\">T\u00f6ltse fel a f\u00e1jlokat\r\n        <span class=\"frm_required\"><\/span>\r\n    <\/label>\r\n    <input type=\"text\" id=\"field_jum55x\" name=\"item_meta[113]\" value=\"\"  data-invmsg=\"T\u00f6ltse fel a f\u00e1jloakt is invalid\" aria-invalid=\"false\"  \/>\r\n    \r\n    \r\n<\/div>\n<div id=\"frm_field_110_container\" class=\"frm_form_field form-field  frm_top_container\">\n\t<label for=\"field_f086in\" id=\"field_f086in_label\" class=\"frm_primary_label\">End Section\n\t\t<span class=\"frm_required\" aria-hidden=\"true\"><\/span>\n\t<\/label>\n\t<input type=\"text\" id=\"field_f086in\" name=\"item_meta[110]\" value=\"\"  data-invmsg=\"End Section is invalid\" aria-invalid=\"false\"  \/>\n\t\n\t\n<\/div>\n<div id=\"frm_field_104_container\" class=\"frm_form_field frm_section_heading form-field frm_top_container\">\r\n<h3 class=\"frm_pos_ frm_primary_label[collapse_class]\">Hat\u00e1rid\u0151k<\/h3>\r\n<div id=\"frm_desc_field_5fgu6p\" class=\"frm_description\">\u00cdrja be a k\u00edv\u00e1nt hat\u00e1rid\u0151t (a kit\u00f6lt\u00e9se nem k\u00f6telez\u0151)<\/div>\r\n\r\n<\/div>\n<div id=\"frm_field_106_container\" class=\"frm_form_field form-field  frm_top_container frm_first_half\">\r\n    <label for=\"field_1pk70i\" class=\"frm_primary_label\">D\u00e1tum\r\n        <span class=\"frm_required\"><\/span>\r\n    <\/label>\r\n    <input type=\"text\" id=\"field_1pk70i\" name=\"item_meta[106]\" value=\"\"  maxlength=\"10\" data-invmsg=\"D\u00e1tum is invalid\" aria-invalid=\"false\"  \/>\r\n    \r\n    \r\n<\/div>\n<div id=\"frm_field_107_container\" class=\"frm_form_field form-field  frm_top_container frm_last_half\">\r\n    <label for=\"field_tmbwnj\" class=\"frm_primary_label\">Id\u0151pont\r\n        <span class=\"frm_required\"><\/span>\r\n    <\/label>\r\n    <input type=\"text\" id=\"field_tmbwnj\" name=\"item_meta[107]\" value=\", \"  data-frmval=\"{&quot;H&quot;:&quot;&quot;,&quot;m&quot;:&quot;&quot;}\" data-invmsg=\"Id\u0151pont is invalid\" aria-invalid=\"false\"  \/>\r\n    \r\n    \r\n<\/div>\n<div id=\"frm_field_105_container\" class=\"frm_form_field form-field  frm_top_container\">\n\t<label for=\"field_xkigyi\" id=\"field_xkigyi_label\" class=\"frm_primary_label\">End Section\n\t\t<span class=\"frm_required\" aria-hidden=\"true\"><\/span>\n\t<\/label>\n\t<input type=\"text\" id=\"field_xkigyi\" name=\"item_meta[105]\" value=\"\"  data-invmsg=\"End Section is invalid\" aria-invalid=\"false\"  \/>\n\t\n\t\n<\/div>\n<div id=\"frm_field_103_container\" class=\"frm_form_field form-field  frm_top_container\">\r\n    <label for=\"field_rd46rp\" class=\"frm_primary_label\">Megjegyz\u00e9sek\r\n        <span class=\"frm_required\"><\/span>\r\n    <\/label>\r\n    <textarea name=\"item_meta[103]\" id=\"field_rd46rp\" rows=\"5\"  data-invmsg=\"Megjegyz\u00e9sek is invalid\" aria-invalid=\"false\"   aria-describedby=\"frm_desc_field_rd46rp\"><\/textarea>\r\n    <div id=\"frm_desc_field_rd46rp\" class=\"frm_description\">Ide \u00edrhatja be az egy\u00e9b megjegyz\u00e9seket<\/div>\r\n    \r\n<\/div>\n<div id=\"frm_field_125_container\" class=\"frm_form_field form-field \">\n\t<div class=\"frm_submit\">\r\n\r\n<input type=\"submit\" value=\"K\u00fcld\u00e9s\"  \/>\r\n<img decoding=\"async\" class=\"frm_ajax_loading\" src=\"https:\/\/tekloc.net\/hu\/wp-content\/plugins\/formidable\/images\/ajax_loader.gif\" alt=\"Sending\"\/>\r\n\r\n<\/div>\n<\/div>\n\t<input type=\"hidden\" name=\"item_key\" value=\"\" \/>\n\t\t\t<div id=\"frm_field_126_container\">\n\t\t\t<label for=\"field_nrdxz\" >\n\t\t\t\tIf you are human, leave this field blank.\t\t\t<\/label>\n\t\t\t<input  id=\"field_nrdxz\" type=\"text\" class=\"frm_form_field form-field frm_verify\" name=\"item_meta[126]\" value=\"\"  \/>\n\t\t<\/div>\n\t\t<input name=\"frm_state\" type=\"hidden\" value=\"PgT7iKafhPOCvzD2MM4gq0h+a3fO\/BhUiuj2nuV8ANA=\" \/><\/div>\n<\/fieldset>\n<\/div>\n\n<\/form>\n<\/div>\n\n<p>[\/et_pb_text][\/et_pb_column][\/et_pb_row][\/et_pb_section]<\/p>\n","protected":false},"excerpt":{"rendered":"<p>Csak k\u00fcldje el a dokumentumokat, \u00e9s elk\u00e9sz\u00edtj\u00fck az \u00e1raj\u00e1nlatot.<\/p>\n","protected":false},"author":2,"featured_media":0,"parent":26,"menu_order":0,"comment_status":"open","ping_status":"open","template":"","meta":{"_et_pb_use_builder":"on","_et_pb_old_content":"","_et_gb_content_width":"","footnotes":""},"class_list":["post-449","page","type-page","status-publish","hentry"],"_links":{"self":[{"href":"https:\/\/tekloc.net\/hu\/wp-json\/wp\/v2\/pages\/449","targetHints":{"allow":["GET"]}}],"collection":[{"href":"https:\/\/tekloc.net\/hu\/wp-json\/wp\/v2\/pages"}],"about":[{"href":"https:\/\/tekloc.net\/hu\/wp-json\/wp\/v2\/types\/page"}],"author":[{"embeddable":true,"href":"https:\/\/tekloc.net\/hu\/wp-json\/wp\/v2\/users\/2"}],"replies":[{"embeddable":true,"href":"https:\/\/tekloc.net\/hu\/wp-json\/wp\/v2\/comments?post=449"}],"version-history":[{"count":1,"href":"https:\/\/tekloc.net\/hu\/wp-json\/wp\/v2\/pages\/449\/revisions"}],"predecessor-version":[{"id":712,"href":"https:\/\/tekloc.net\/hu\/wp-json\/wp\/v2\/pages\/449\/revisions\/712"}],"up":[{"embeddable":true,"href":"https:\/\/tekloc.net\/hu\/wp-json\/wp\/v2\/pages\/26"}],"wp:attachment":[{"href":"https:\/\/tekloc.net\/hu\/wp-json\/wp\/v2\/media?parent=449"}],"curies":[{"name":"wp","href":"https:\/\/api.w.org\/{rel}","templated":true}]}}