{"id":32,"date":"2014-02-09T07:55:32","date_gmt":"2014-02-09T06:55:32","guid":{"rendered":"http:\/\/88.151.102.243\/en\/?page_id=32"},"modified":"2016-01-11T02:45:54","modified_gmt":"2016-01-11T01:45:54","slug":"szolgaltatasok","status":"publish","type":"page","link":"https:\/\/tekloc.net\/hu\/szolgaltatasok\/","title":{"rendered":"Szolg\u00e1ltat\u00e1sok"},"content":{"rendered":"<p>[et_pb_section admin_label=&#8221;section&#8221; fullwidth=&#8221;on&#8221; background_color=&#8221;#00b2cd&#8221; inner_shadow=&#8221;off&#8221; parallax=&#8221;off&#8221;][et_pb_fullwidth_header admin_label=&#8221;Fullwidth Header&#8221; title=&#8221;Szolg\u00e1ltat\u00e1sok&#8221; subhead=&#8221;Er\u0151s m\u0171szaki h\u00e1tt\u00e9rrel rendelkez\u0151 ford\u00edt\u00f3c\u00e9gk\u00e9nt hat\u00e1rozzuk meg magunkat.&#8221; background_layout=&#8221;dark&#8221; text_orientation=&#8221;left&#8221;]<\/p>\n<p>[\/et_pb_fullwidth_header][\/et_pb_section][et_pb_section admin_label=&#8221;section&#8221; fullwidth=&#8221;off&#8221;][et_pb_row admin_label=&#8221;row&#8221;][et_pb_column type=&#8221;1_4&#8243;][et_pb_counters admin_label=&#8221;Animated Counters&#8221; background_layout=&#8221;light&#8221; background_color=&#8221;#dddddd&#8221; bar_bg_color=&#8221;#045f8d&#8221;]<\/p>\n<p>[et_pb_counter percent=&#8221;45&#8243;]Ford\u00edt\u00e1s[\/et_pb_counter][et_pb_counter percent=&#8221;20&#8243;]Tesztel\u00e9s[\/et_pb_counter][et_pb_counter percent=&#8221;12&#8243;]Min\u0151s\u00e9gbiztos\u00edt\u00e1s[\/et_pb_counter][et_pb_counter percent=&#8221;8&#8243;]Asztali kiadv\u00e1nyszerkeszt\u00e9s[\/et_pb_counter][et_pb_counter percent=&#8221;6&#8243;]Honos\u00edt\u00f3 m\u00e9rn\u00f6ki feladatok[\/et_pb_counter][et_pb_counter percent=&#8221;4&#8243;]Feliratk\u00e9sz\u00edt\u00e9s[\/et_pb_counter][et_pb_counter percent=&#8221;3&#8243;]Hangr\u00f6gz\u00edt\u00e9s[\/et_pb_counter][et_pb_counter percent=&#8221;2&#8243;]Egy\u00e9b[\/et_pb_counter]<\/p>\n<p>[\/et_pb_counters][\/et_pb_column][et_pb_column type=&#8221;1_2&#8243;][et_pb_text admin_label=&#8221;Text&#8221; background_layout=&#8221;light&#8221; text_orientation=&#8221;left&#8221;]<\/p>\n<p>Ford\u00edt\u00f3c\u00e9gk\u00e9nt nem meglep\u0151, hogy bev\u00e9teleink nagy r\u00e9sze <strong>ford\u00edt\u00e1si megb\u00edz\u00e1sokb\u00f3l<\/strong> sz\u00e1rmazik. Tev\u00e9kenys\u00e9gi k\u00f6r\u00fcnk azonban t\u00falmutat a ford\u00edt\u00e1si feladatok elv\u00e9gz\u00e9s\u00e9n: a honos\u00edt\u00e1si folyamat eg\u00e9sz\u00e9t t\u00e1mogatjuk. Biztos szeretne lenni benne, hogy a ford\u00edt\u00e1sok el\u00e9rik a k\u00edv\u00e1nt sz\u00ednvonalat? Minden nyelvp\u00e1r eset\u00e9ben <strong>nyelvi min\u0151s\u00e9gbiztos\u00edt\u00e1si rendszert<\/strong> alkalmazunk. Sz\u00fcks\u00e9ge van valakire, aki el\u0151k\u00e9sz\u00edti a szoftvert a ford\u00edt\u00e1si munka elv\u00e9gz\u00e9s\u00e9hez? <strong>Honos\u00edt\u00f3 m\u00e9rn\u00f6keink<\/strong> ezt a feladatot is elv\u00e9gzik \u00d6n helyett. Biztos\u00edtani szeretn\u00e9, hogy a ford\u00edt\u00e1sok a v\u00e1rt m\u00f3don jelennek meg \u00e9s m\u0171k\u00f6dnek? <strong>Tesztel\u0151ink<\/strong> k\u00e9szs\u00e9ggel \u00e1llnak rendelkez\u00e9s\u00e9re.&nbsp;Nyomtat\u00e1sra k\u00e9sz form\u00e1tumban k\u00edv\u00e1nja \u00e1tvenni a ford\u00edt\u00e1st? Vegye ig\u00e9nybe <strong>asztali kiadv\u00e1nyszerkeszt\u00e9si szolg\u00e1ltat\u00e1sainkat<\/strong>. <strong>Videoanyagok<\/strong> feliratoz\u00e1s\u00e1ra van sz\u00fcks\u00e9ge? Nem probl\u00e9ma!&nbsp;Esetleg <strong>hangfelv\u00e9telr\u0151l<\/strong> van sz\u00f3? Partnerst\u00fadi\u00f3nk k\u00f6zrem\u0171k\u00f6d\u00e9s\u00e9vel ezt a feladatot is elv\u00e9gezz\u00fck.<\/p>\n<p>[\/et_pb_text][\/et_pb_column][et_pb_column type=&#8221;1_4&#8243;][et_pb_text admin_label=&#8221;Text&#8221; background_layout=&#8221;light&#8221; text_orientation=&#8221;left&#8221; text_font_size=&#8221;14&#8243; use_border_color=&#8221;off&#8221; border_color=&#8221;#ffffff&#8221; border_style=&#8221;solid&#8221;]<\/p>\n<h4>Nyelvi szolg\u00e1ltat\u00e1sok*<\/h4>\n<ul>\n<li><a title=\"Ford\u00edt\u00e1s\" href=\"\/hu\/szolgaltatasok\/forditas\/\">Ford\u00edt\u00e1s<\/a><\/li>\n<li><a title=\"Min\u0151s\u00e9gbiztos\u00edt\u00e1s\" href=\"\/hu\/szolgaltatasok\/minosegbiztositas\/\">Min\u0151s\u00e9gbiztos\u00edt\u00e1s<\/a><\/li>\n<li><a title=\"Feliratoz\u00e1s\" href=\"\/hu\/szolgaltatasok\/feliratozas\/\">Feliratoz\u00e1s<\/a><\/li>\n<li><a title=\"Hangr\u00f6gz\u00edt\u00e9s\" href=\"\/hu\/szolgaltatasok\/hangrogzites\/\">Hangr\u00f6gz\u00edt\u00e9s<\/a><\/li>\n<li><a title=\"Terminol\u00f3gia egyeztet\u00e9se\" href=\"\/hu\/szolgaltatasok\/terminologia-egyeztetese\/\">Terminol\u00f3gia egyeztet\u00e9se <\/a><\/li>\n<\/ul>\n<h4>M\u0171szaki szolg\u00e1ltat\u00e1sok**<\/h4>\n<ul>\n<li><a title=\"Tesztel\u00e9s\" href=\"\/hu\/szolgaltatasok\/teszteles\/\">Tesztel\u00e9s<\/a><\/li>\n<li><a title=\"Kiadv\u00e1nyszerkeszt\u00e9s\" href=\"\/hu\/szolgaltatasok\/kiadvanyszerkesztes\/\">Kiadv\u00e1nyszerkeszt\u00e9s<\/a><\/li>\n<li><a title=\"Honos\u00edt\u00f3 m\u00e9rn\u00f6ki feladatok\" href=\"\/hu\/szolgaltatasok\/honosito-mernoki-feladatok\/\">Honos\u00edt\u00f3 m\u00e9rn\u00f6ki feladatok<\/a><\/li>\n<li><a title=\"Sz\u00f6vegszinkroniz\u00e1l\u00e1s\" href=\"\/hu\/szolgaltatasok\/szovegszinkronizalas\/\">Sz\u00f6vegszinkroniz\u00e1l\u00e1s <\/a><\/li>\n<\/ul>\n<p> *bizonyos nyelveken el\u00e9rhet\u0151 <br \/>**minden nyelven el\u00e9rhet\u0151<\/p>\n<p>[\/et_pb_text][\/et_pb_column][\/et_pb_row][\/et_pb_section][et_pb_section admin_label=&#8221;section&#8221; fullwidth=&#8221;off&#8221;][et_pb_row admin_label=&#8221;row&#8221;][et_pb_column type=&#8221;4_4&#8243;][\/et_pb_column][\/et_pb_row][\/et_pb_section]<\/p>\n","protected":false},"excerpt":{"rendered":"<p>Er\u0151s m\u0171szaki h\u00e1tt\u00e9rrel rendelkez\u0151 ford\u00edt\u00f3c\u00e9gk\u00e9nt hat\u00e1rozzuk meg magunkat.<\/p>\n","protected":false},"author":2,"featured_media":0,"parent":0,"menu_order":0,"comment_status":"open","ping_status":"open","template":"","meta":{"_et_pb_use_builder":"on","_et_pb_old_content":"","_et_gb_content_width":"","footnotes":""},"class_list":["post-32","page","type-page","status-publish","hentry"],"_links":{"self":[{"href":"https:\/\/tekloc.net\/hu\/wp-json\/wp\/v2\/pages\/32","targetHints":{"allow":["GET"]}}],"collection":[{"href":"https:\/\/tekloc.net\/hu\/wp-json\/wp\/v2\/pages"}],"about":[{"href":"https:\/\/tekloc.net\/hu\/wp-json\/wp\/v2\/types\/page"}],"author":[{"embeddable":true,"href":"https:\/\/tekloc.net\/hu\/wp-json\/wp\/v2\/users\/2"}],"replies":[{"embeddable":true,"href":"https:\/\/tekloc.net\/hu\/wp-json\/wp\/v2\/comments?post=32"}],"version-history":[{"count":3,"href":"https:\/\/tekloc.net\/hu\/wp-json\/wp\/v2\/pages\/32\/revisions"}],"predecessor-version":[{"id":693,"href":"https:\/\/tekloc.net\/hu\/wp-json\/wp\/v2\/pages\/32\/revisions\/693"}],"wp:attachment":[{"href":"https:\/\/tekloc.net\/hu\/wp-json\/wp\/v2\/media?parent=32"}],"curies":[{"name":"wp","href":"https:\/\/api.w.org\/{rel}","templated":true}]}}