{"id":26,"date":"2014-02-09T06:41:44","date_gmt":"2014-02-09T06:41:44","guid":{"rendered":"http:\/\/88.151.102.243\/en\/?page_id=26"},"modified":"2014-02-09T06:41:44","modified_gmt":"2014-02-09T06:41:44","slug":"cegunk","status":"publish","type":"page","link":"https:\/\/tekloc.net\/hu\/cegunk\/","title":{"rendered":"C\u00e9g\u00fcnk"},"content":{"rendered":"<p>[et_pb_section background_color=&#8221;#045f8d&#8221; inner_shadow=&#8221;on&#8221; fullwidth=&#8221;on&#8221; parallax=&#8221;off&#8221;][et_pb_fullwidth_header admin_label=&#8221;Fullwidth Header&#8221; title=&#8221;C\u00e9g\u00fcnk&#8221; background_layout=&#8221;dark&#8221; text_orientation=&#8221;left&#8221; subhead=&#8221;R\u00f6vid bemutatkoz\u00e1s&#8221; \/][\/et_pb_section][et_pb_section fullwidth=&#8221;off&#8221;][et_pb_row][et_pb_column type=&#8221;1_2&#8243;][et_pb_image admin_label=&#8221;Image&#8221; src=&#8221;\/en\/wp-content\/uploads\/sites\/2\/2014\/03\/company_eng.png&#8221; url_new_window=&#8221;off&#8221; animation=&#8221;left&#8221; \/][\/et_pb_column][et_pb_column type=&#8221;1_2&#8243;][et_pb_text admin_label=&#8221;Text&#8221; background_layout=&#8221;light&#8221; text_orientation=&#8221;left&#8221;]Az 1999-ben alap\u00edtott T.\u00c9.K. Honos\u00edt\u00e1s a m\u00e9rn\u00f6ki szoftverek magyar honos\u00edt\u00e1s\u00e1ra alakult. Csapatunk 1996-ra visszany\u00fal\u00f3 szakmai tapasztalattal rendelkezik a szoftverhonos\u00edt\u00e1s tekintet\u00e9ben; a c\u00e9g alap\u00edt\u00f3 tagjai ekkor kezdtek el\u0151sz\u00f6r szoftver- \u00e9s dokument\u00e1ci\u00f3honos\u00edt\u00e1ssal foglalkozni. A c\u00e9g a kezdetekt\u0151l teljes k\u00f6r\u0171 honos\u00edt\u00e1si szolg\u00e1ltat\u00e1st ny\u00fajtott: egy \u00fagynevezett Loc Kit (a honos\u00edtott szoftver l\u00e9trehoz\u00e1s\u00e1hoz sz\u00fcks\u00e9ges \u00f6sszes forr\u00e1st tartalmaz\u00f3 lemez) alapj\u00e1n elk\u00e9sz\u00edtett\u00fck a gy\u00e1rt\u00e1sra k\u00e9sz, v\u00e9gleges CD lemezt. A honos\u00edt\u00e1si projektek minden egyes l\u00e9p\u00e9s\u00e9t magunk fel\u00fcgyelt\u00fck \u00e9s hajtottuk v\u00e9gre: a forr\u00e1sok el\u0151k\u00e9sz\u00edt\u00e9s\u00e9t a ford\u00edt\u00e1shoz, a ford\u00edt\u00e1si munka elv\u00e9gz\u00e9s\u00e9t, a szoftver \u00f6ssze\u00e1ll\u00edt\u00e1s\u00e1t, a dokument\u00e1ci\u00f3 l\u00e9trehoz\u00e1s\u00e1t, az \u00f6sszetev\u0151k tesztel\u00e9s\u00e9t, valamint a projekt gy\u00e1rt\u00e1sra k\u00e9sz v\u00e1ltozat\u00e1nak \u00e1tad\u00e1s\u00e1t. Mindez \u00f6sszetett folyamatnak t\u0171nik, \u00e9s az is. Az ekkor szerzett szakmai tapasztalatoknak azonban m\u00e9g ma is haszn\u00e1t vessz\u00fck: rendelkez\u00fcnk a nagy kih\u00edv\u00e1st jelent\u0151 ford\u00edt\u00e1si, tesztel\u00e9si, DTP- \u00e9s m\u00e9rn\u00f6ki projektek elv\u00e9gz\u00e9s\u00e9hez sz\u00fcks\u00e9ges szem\u00e9lyzeti \u00e9s sz\u00e1m\u00edt\u00e1stechnikai h\u00e1tt\u00e9rrel. [\/et_pb_text][\/et_pb_column][\/et_pb_row][\/et_pb_section][et_pb_section fullwidth=&#8221;off&#8221; background_color=&#8221;#6eb4cc&#8221; inner_shadow=&#8221;off&#8221; parallax=&#8221;off&#8221;][et_pb_row][et_pb_column type=&#8221;2_3&#8243;][et_pb_text admin_label=&#8221;Text&#8221; background_layout=&#8221;dark&#8221; text_orientation=&#8221;left&#8221;]C\u00e9g\u00fcnk teljes k\u00f6r\u0171 honos\u00edt\u00e1si szolg\u00e1ltat\u00e1sokat k\u00edn\u00e1l, aminek megvannak a maga el\u0151nyei \u00e9s kock\u00e1zatai egyar\u00e1nt. A m\u00e9rn\u00f6ki t\u00e9m\u00e1kkal foglalkoz\u00f3 ford\u00edt\u00e1sok rendk\u00edv\u00fcl sz\u00f3rakoztat\u00f3k lehetnek egy m\u00e9rn\u00f6k sz\u00e1m\u00e1ra, azonban tartalmi korl\u00e1taik miatt egy nyelv\u00e9sz id\u0151vel egyhang\u00fanak \u00e9s monotonnak tal\u00e1lhatja azokat. M\u00e9g ha k\u00fcl\u00f6nb\u00f6z\u0151 term\u00e9kgy\u00e1rt\u00e1si, \u00e9p\u00edt\u00e9szeti, t\u00e9rk\u00e9p\u00e9szeti, \u00e9p\u00edt\u0151m\u00e9rn\u00f6ki \u00e9s elektronikai t\u00e9m\u00e1j\u00fa projektek is sz\u00ednes\u00edtik a palett\u00e1t, el\u0151bb vagy ut\u00f3bb nagyobb v\u00e1ltozatoss\u00e1gra v\u00e1gyik a ford\u00edt\u00f3. Annak is sz\u00fcks\u00e9g\u00e9t \u00e9rezt\u00fck, hogy \u00fcgyf\u00e9l- \u00e9s tev\u00e9kenys\u00e9gi k\u00f6r\u00fcnket kib\u0151v\u00edts\u00fck. Ennek megold\u00e1s\u00e1ra \u00fagy d\u00f6nt\u00f6tt\u00fcnk, hogy \u00faj \u00fcgyfeleket \u00e9s \u00faj munkat\u00e1rsakat keres\u00fcnk. Ma m\u00e1r nem a m\u00e9rn\u00f6ki t\u00e9m\u00e1j\u00fa projektek k\u00e9pezik a c\u00e9g f\u0151 profilj\u00e1t: siker\u00fclt a sz\u00e1m\u00edt\u00e1stechnikai ford\u00edt\u00f3c\u00e9gek \u00e9lmez\u0151ny\u00e9ben pozicion\u00e1lnunk magunkat, \u00e9s jelenleg a j\u00e1t\u00e9kszoftverek ford\u00edt\u00e1sa a legdinamikusabban fejl\u0151d\u0151 tev\u00e9kenys\u00e9gi \u00e1gunk. A legt\u00f6bb munkahelyen nem l\u00e1tj\u00e1k sz\u00edvesen a j\u00e1t\u00e9kokat az irod\u00e1ban \u2013 mi nagyon is. Hisz\u00fcnk abban, hogy a magas min\u0151s\u00e9g\u0171 ford\u00edt\u00e1si munk\u00e1k \u00e9rdek\u00e9ben munkat\u00e1rsaink szem\u00e9lyes tapasztalataira is t\u00e1maszkodnunk kell. [\/et_pb_text][\/et_pb_column][et_pb_column type=&#8221;1_3&#8243;][et_pb_text admin_label=&#8221;Text&#8221; background_layout=&#8221;dark&#8221; text_orientation=&#8221;left&#8221;] <\/p>\n<h2>Szakter\u00fcleteink<\/h2>\n<h2><\/h2>\n<p> [\/et_pb_text][et_pb_counters admin_label=&#8221;Animated Counters&#8221; background_layout=&#8221;dark&#8221; background_color=&#8221;#dddddd&#8221; bar_bg_color=&#8221;#7EBEC5&#8243;][et_pb_counter percent=&#8221;28&#8243;]Sz\u00e1m\u00edt\u00e1stechnika[\/et_pb_counter][et_pb_counter percent=&#8221;24&#8243;]M\u00e9rn\u00f6ki sz\u00f6vegek[\/et_pb_counter][et_pb_counter percent=&#8221;20&#8243;]J\u00e1t\u00e9kok[\/et_pb_counter][et_pb_counter percent=&#8221;16&#8243;]Fogyaszt\u00f3i term\u00e9kek[\/et_pb_counter][et_pb_counter percent=&#8221;14&#8243;]G\u00e9pj\u00e1rm\u0171gy\u00e1rt\u00e1s[\/et_pb_counter][et_pb_counter percent=&#8221;10&#8243;]\u00dczleti dokumentumok[\/et_pb_counter][et_pb_counter percent=&#8221;8&#8243;]Egy\u00e9b[\/et_pb_counter][\/et_pb_counters][\/et_pb_column][\/et_pb_row][\/et_pb_section]<\/p>\n","protected":false},"excerpt":{"rendered":"<p>A szervezet r\u00f6vid bemutat\u00e1sa.<\/p>\n","protected":false},"author":2,"featured_media":0,"parent":0,"menu_order":0,"comment_status":"open","ping_status":"open","template":"","meta":{"_et_pb_use_builder":"on","_et_pb_old_content":"","_et_gb_content_width":"","footnotes":""},"class_list":["post-26","page","type-page","status-publish","hentry"],"_links":{"self":[{"href":"https:\/\/tekloc.net\/hu\/wp-json\/wp\/v2\/pages\/26","targetHints":{"allow":["GET"]}}],"collection":[{"href":"https:\/\/tekloc.net\/hu\/wp-json\/wp\/v2\/pages"}],"about":[{"href":"https:\/\/tekloc.net\/hu\/wp-json\/wp\/v2\/types\/page"}],"author":[{"embeddable":true,"href":"https:\/\/tekloc.net\/hu\/wp-json\/wp\/v2\/users\/2"}],"replies":[{"embeddable":true,"href":"https:\/\/tekloc.net\/hu\/wp-json\/wp\/v2\/comments?post=26"}],"version-history":[{"count":0,"href":"https:\/\/tekloc.net\/hu\/wp-json\/wp\/v2\/pages\/26\/revisions"}],"wp:attachment":[{"href":"https:\/\/tekloc.net\/hu\/wp-json\/wp\/v2\/media?parent=26"}],"curies":[{"name":"wp","href":"https:\/\/api.w.org\/{rel}","templated":true}]}}