{"id":242,"date":"2014-02-23T05:51:58","date_gmt":"2014-02-23T04:51:58","guid":{"rendered":"http:\/\/88.151.102.243\/en\/?page_id=242"},"modified":"2021-01-18T13:39:01","modified_gmt":"2021-01-18T12:39:01","slug":"kapcsolat","status":"publish","type":"page","link":"https:\/\/tekloc.net\/hu\/kapcsolat\/","title":{"rendered":"Kapcsolat"},"content":{"rendered":"<p>[et_pb_section fb_built=&#8221;1&#8243; inner_shadow=&#8221;on&#8221; fullwidth=&#8221;on&#8221; admin_label=&#8221;section&#8221; _builder_version=&#8221;3.22&#8243; background_color=&#8221;#045f8d&#8221;][et_pb_fullwidth_header title=&#8221;Kapcsolat&#8221; subhead=&#8221;Ha k\u00e9rd\u00e9se van, k\u00e9szs\u00e9ggel \u00e1llunk rendelkez\u00e9s\u00e9re.&#8221; content_max_width=&#8221;none&#8221; admin_label=&#8221;Fullwidth Header&#8221; _builder_version=&#8221;3.16&#8243; background_color=&#8221;rgba(255, 255, 255, 0)&#8221; button_one_text_size__hover_enabled=&#8221;off&#8221; button_two_text_size__hover_enabled=&#8221;off&#8221; button_one_text_color__hover_enabled=&#8221;off&#8221; button_two_text_color__hover_enabled=&#8221;off&#8221; button_one_border_width__hover_enabled=&#8221;off&#8221; button_two_border_width__hover_enabled=&#8221;off&#8221; button_one_border_color__hover_enabled=&#8221;off&#8221; button_two_border_color__hover_enabled=&#8221;off&#8221; button_one_border_radius__hover_enabled=&#8221;off&#8221; button_two_border_radius__hover_enabled=&#8221;off&#8221; button_one_letter_spacing__hover_enabled=&#8221;off&#8221; button_two_letter_spacing__hover_enabled=&#8221;off&#8221; button_one_bg_color__hover_enabled=&#8221;off&#8221; button_two_bg_color__hover_enabled=&#8221;off&#8221;] [\/et_pb_fullwidth_header][\/et_pb_section][et_pb_section fb_built=&#8221;1&#8243; admin_label=&#8221;section&#8221; _builder_version=&#8221;3.22&#8243;][et_pb_row column_structure=&#8221;1_2,1_2&#8243; admin_label=&#8221;row&#8221; _builder_version=&#8221;3.25&#8243; background_size=&#8221;initial&#8221; background_position=&#8221;top_left&#8221; background_repeat=&#8221;repeat&#8221;][et_pb_column type=&#8221;1_2&#8243; _builder_version=&#8221;3.25&#8243; custom_padding=&#8221;|||&#8221; custom_padding__hover=&#8221;|||&#8221;][et_pb_text admin_label=&#8221;Text&#8221; _builder_version=&#8221;3.27.4&#8243; background_size=&#8221;initial&#8221; background_position=&#8221;top_left&#8221; background_repeat=&#8221;repeat&#8221; use_border_color=&#8221;off&#8221; border_color=&#8221;#ffffff&#8221; border_style=&#8221;solid&#8221;] <link rel='stylesheet' id='formidable-css' href='https:\/\/tekloc.net\/hu\/wp-content\/plugins\/formidable\/css\/formidableforms3.css?ver=418712' type='text\/css' media='all' \/>\n<div class=\"frm_forms  with_frm_style frm_style_formidable-style\" id=\"frm_form_7_container\" >\n<form enctype=\"multipart\/form-data\" method=\"post\" class=\"frm-show-form  frm_ajax_submit \" id=\"form_contact2\" >\n<div class=\"frm_form_fields \">\n<fieldset>\n<legend class=\"frm_hidden\">Kapcsolatfelv\u00e9tel<\/legend>\r\n\r\n<div class=\"frm_description\"><p>Az al\u00e1bbi \u0171rlap haszn\u00e1lat\u00e1val \u00fczenetet k\u00fcldhet nek\u00fcnk.<\/p>\n<\/div><div class=\"frm_fields_container\">\n<input type=\"hidden\" name=\"frm_action\" value=\"create\" \/>\n<input type=\"hidden\" name=\"form_id\" value=\"7\" \/>\n<input type=\"hidden\" name=\"frm_hide_fields_7\" id=\"frm_hide_fields_7\" value=\"\" \/>\n<input type=\"hidden\" name=\"form_key\" value=\"contact2\" \/>\n<input type=\"hidden\" name=\"item_meta[0]\" value=\"\" \/>\n<input type=\"hidden\" id=\"frm_submit_entry_7\" name=\"frm_submit_entry_7\" value=\"882c7e449e\" \/><input type=\"hidden\" name=\"_wp_http_referer\" value=\"\/hu\/wp-json\/wp\/v2\/pages\/242\" \/><div id=\"frm_field_122_container\" class=\"frm_form_field form-field  frm_required_field frm_top_container vertical_radio\">\r\n    <label for=\"field_obxi5\" class=\"frm_primary_label\">A jelen \u0171rlap haszn\u00e1lat\u00e1val elfogadja az Adatkezel\u00e9si t\u00e1j\u00e9koztat\u00f3ban szerepl\u0151 felt\u00e9teleket\r\n        <span class=\"frm_required\">*<\/span>\r\n    <\/label>\r\n    <div class=\"frm_opt_container\">\t\t<div class=\"frm_checkbox\" id=\"frm_checkbox_122-0\">\t\t\t<label  for=\"field_obxi5-0\">\n\t\t\t<input type=\"checkbox\" name=\"item_meta[122][]\" id=\"field_obxi5-0\" value=\"Elfogadom az &lt;a href=&quot;https:\/\/tekloc.net\/hu\/cegunk\/altalanos-szerzodesi-feltetelek\/&quot;&gt;\u00c1ltal\u00e1nos Szerz\u0151d\u00e9si Felt\u00e9telek&lt;\/a&gt; \u00e9s az &lt;a href=&quot;https:\/\/tekloc.net\/hu\/cegunk\/adatkezelesi-tajekoztato\/&quot;&gt;Adatkezel\u00e9si t\u00e1j\u00e9koztat\u00f3&lt;\/a&gt; felt\u00e9teleit\"  data-reqmsg=\"Az \u0171rlap haszn\u00e1lat\u00e1hoz el kell fogadnia az adatkezel\u00e9si t\u00e1j\u00e9koztat\u00f3 felt\u00e9teleit\" data-invmsg=\"A jelen \u0171rlap haszn\u00e1lat\u00e1val elfogadja az Adatkezel\u00e9si t\u00e1j\u00e9koztat\u00f3ban szerepl\u0151 felt\u00e9teleket is invalid\"   aria-required=\"true\"  \/> Elfogadom az <a href=\"https:\/\/tekloc.net\/hu\/cegunk\/altalanos-szerzodesi-feltetelek\/\">\u00c1ltal\u00e1nos Szerz\u0151d\u00e9si Felt\u00e9telek<\/a> \u00e9s az <a href=\"https:\/\/tekloc.net\/hu\/cegunk\/adatkezelesi-tajekoztato\/\">Adatkezel\u00e9si t\u00e1j\u00e9koztat\u00f3<\/a> felt\u00e9teleit<\/label><\/div>\n<\/div>\r\n    \r\n    \r\n<\/div>\n<div id=\"frm_field_86_container\" class=\"frm_form_field form-field  frm_required_field frm_top_container frm_first_half\">\r\n    <label for=\"field_kf43k0\" class=\"frm_primary_label\">Vezet\u00e9kn\u00e9v\r\n        <span class=\"frm_required\">*<\/span>\r\n    <\/label>\r\n    <input type=\"text\" id=\"field_kf43k0\" name=\"item_meta[86]\" value=\"\"  data-reqmsg=\"Ez a mez\u0151 nem hagyhat\u00f3 \u00fcresen.\" aria-required=\"true\" data-invmsg=\"Vezet\u00e9kn\u00e9v is invalid\" aria-invalid=\"false\"   aria-describedby=\"frm_desc_field_kf43k0\"\/>\r\n    <div id=\"frm_desc_field_kf43k0\" class=\"frm_description\">Vezet\u00e9kn\u00e9v<\/div>\r\n    \r\n<\/div>\n<div id=\"frm_field_87_container\" class=\"frm_form_field form-field  frm_required_field frm_top_container frm_last_half\">\r\n    <label for=\"field_e4dkh6\" class=\"frm_primary_label\">Keresztn\u00e9v\r\n        <span class=\"frm_required\">*<\/span>\r\n    <\/label>\r\n    <input type=\"text\" id=\"field_e4dkh6\" name=\"item_meta[87]\" value=\"\"  data-reqmsg=\"Ez a mez\u0151 nem hagyhat\u00f3 \u00fcresen.\" aria-required=\"true\" data-invmsg=\"Keresztn\u00e9v is invalid\" aria-invalid=\"false\"   aria-describedby=\"frm_desc_field_e4dkh6\"\/>\r\n    <div id=\"frm_desc_field_e4dkh6\" class=\"frm_description\">Keresztn\u00e9v<\/div>\r\n    \r\n<\/div>\n<div id=\"frm_field_88_container\" class=\"frm_form_field form-field  frm_required_field frm_top_container frm_full\">\r\n    <label for=\"field_6an63i\" class=\"frm_primary_label\">E-mail\r\n        <span class=\"frm_required\">*<\/span>\r\n    <\/label>\r\n    <input type=\"text\" id=\"field_6an63i\" name=\"item_meta[88]\" value=\"\"  data-reqmsg=\"Ez a mez\u0151 nem hagyhat\u00f3 \u00fcresen.\" aria-required=\"true\" data-invmsg=\"E-mail is invalid\" aria-invalid=\"false\"   aria-describedby=\"frm_desc_field_6an63i\"\/>\r\n    <div id=\"frm_desc_field_6an63i\" class=\"frm_description\">E-mail c\u00edm<\/div>\r\n    \r\n<\/div>\n<div id=\"frm_field_89_container\" class=\"frm_form_field form-field  frm_required_field frm_top_container frm_first_half\">\r\n    <label for=\"field_2g81qx\" class=\"frm_primary_label\">T\u00e1rgy\r\n        <span class=\"frm_required\">*<\/span>\r\n    <\/label>\r\n    <input type=\"text\" id=\"field_2g81qx\" name=\"item_meta[89]\" value=\"\"  data-reqmsg=\"Ez a mez\u0151 nem hagyhat\u00f3 \u00fcresen.\" aria-required=\"true\" data-invmsg=\"T\u00e1rgy is invalid\" aria-invalid=\"false\"   aria-describedby=\"frm_desc_field_2g81qx\"\/>\r\n    <div id=\"frm_desc_field_2g81qx\" class=\"frm_description\">Az \u00fczenet t\u00e1rgya<\/div>\r\n    \r\n<\/div>\n<div id=\"frm_field_90_container\" class=\"frm_form_field form-field  frm_required_field frm_top_container frm_full\">\r\n    <label for=\"field_gpvgc1\" class=\"frm_primary_label\">\u00dczenet\r\n        <span class=\"frm_required\">*<\/span>\r\n    <\/label>\r\n    <textarea name=\"item_meta[90]\" id=\"field_gpvgc1\" rows=\"5\"  data-reqmsg=\"Ez a mez\u0151 nem hagyhat\u00f3 \u00fcresen.\" aria-required=\"true\" data-invmsg=\"\u00dczenet is invalid\" aria-invalid=\"false\"   aria-describedby=\"frm_desc_field_gpvgc1\"><\/textarea>\r\n    <div id=\"frm_desc_field_gpvgc1\" class=\"frm_description\">Az \u00fczenet sz\u00f6vege<\/div>\r\n    \r\n<\/div>\n\t<input type=\"hidden\" name=\"item_key\" value=\"\" \/>\n\t\t\t<div id=\"frm_field_126_container\">\n\t\t\t<label for=\"field_jzfbp\" >\n\t\t\t\tIf you are human, leave this field blank.\t\t\t<\/label>\n\t\t\t<input  id=\"field_jzfbp\" type=\"text\" class=\"frm_form_field form-field frm_verify\" name=\"item_meta[126]\" value=\"\"  \/>\n\t\t<\/div>\n\t\t<input name=\"frm_state\" type=\"hidden\" value=\"0e55Bt06y9D+M5dmqa4NPE9ljzvGEBYwSnJvSGB9ffA=\" \/><div class=\"frm_submit\">\r\n\r\n<input type=\"submit\" value=\"K\u00fcld\u00e9s\"  \/>\r\n<img decoding=\"async\" class=\"frm_ajax_loading\" src=\"https:\/\/tekloc.net\/hu\/wp-content\/plugins\/formidable\/images\/ajax_loader.gif\" alt=\"Sending\"\/>\r\n\r\n<\/div><\/div>\n<\/fieldset>\n<\/div>\n\n<\/form>\n<\/div>\n [\/et_pb_text][\/et_pb_column][et_pb_column type=&#8221;1_2&#8243; _builder_version=&#8221;3.25&#8243; custom_padding=&#8221;|||&#8221; custom_padding__hover=&#8221;|||&#8221;][et_pb_text admin_label=&#8221;Text&#8221; _builder_version=&#8221;3.27.4&#8243; background_size=&#8221;initial&#8221; background_position=&#8221;top_left&#8221; background_repeat=&#8221;repeat&#8221; use_border_color=&#8221;off&#8221; border_color=&#8221;#ffffff&#8221; border_style=&#8221;solid&#8221;]<\/p>\n<h3>El\u00e9rhet\u0151s\u00e9gi adatok<\/h3>\n<p><strong>Telefon:<\/strong>\u00a0+36 1 445 2663<br \/> <strong>E-mail:<\/strong>\u00a0info@tek.hu<br \/> <strong style=\"line-height: 1.5em;\">Nyitva tart\u00e1s:\u00a0<\/strong>H\u00e9tf\u0151t\u0151l p\u00e9ntekig, 09:00 \u00f3r\u00e1t\u00f3l 17:00 \u00f3r\u00e1ig<\/p>\n<p>[\/et_pb_text][et_pb_text admin_label=&#8221;Text&#8221; _builder_version=&#8221;4.6.5&#8243; background_size=&#8221;initial&#8221; background_position=&#8221;top_left&#8221; background_repeat=&#8221;repeat&#8221; use_border_color=&#8221;off&#8221; border_color=&#8221;#ffffff&#8221; border_style=&#8221;solid&#8221;]<iframe loading=\"lazy\" src=\"https:\/\/www.google.com\/maps\/embed?pb=!1m18!1m12!1m3!1d2695.5376038351396!2d19.06283731581802!3d47.4989206034031!2m3!1f0!2f0!3f0!3m2!1i1024!2i768!4f13.1!3m3!1m2!1s0x4741dc68649af707%3A0x94c0f2ea36de7897!2sBudapest%2C%20Klauz%C3%A1l%20u.%2030%2C%201072!5e0!3m2!1shu!2shu!4v1606814988828!5m2!1shu!2shu\" width=\"600\" height=\"450\" frameborder=\"0\" style=\"border:0;\" allowfullscreen=\"\" aria-hidden=\"false\" tabindex=\"0\"><\/iframe>[\/et_pb_text][\/et_pb_column][\/et_pb_row][et_pb_row admin_label=&#8221;row&#8221; _builder_version=&#8221;3.25&#8243; background_size=&#8221;initial&#8221; background_position=&#8221;top_left&#8221; background_repeat=&#8221;repeat&#8221;][et_pb_column type=&#8221;4_4&#8243; _builder_version=&#8221;3.25&#8243; custom_padding=&#8221;|||&#8221; custom_padding__hover=&#8221;|||&#8221;][et_pb_text admin_label=&#8221;Text&#8221; _builder_version=&#8221;3.27.4&#8243; background_size=&#8221;initial&#8221; background_position=&#8221;top_left&#8221; background_repeat=&#8221;repeat&#8221; use_border_color=&#8221;off&#8221; border_color=&#8221;#ffffff&#8221; border_style=&#8221;solid&#8221;]<\/p>\n<h3>C\u00e9gnyilv\u00e1ntart\u00e1si adatok<\/h3>\n<p><strong>Bejegyzett n\u00e9v:\u00a0<\/strong><span style=\"line-height: 1.5em;\">T.\u00c9.K. M\u0171szaki Szolg\u00e1ltat\u00f3, Sz\u00e1m\u00edt\u00e1stechnikai \u00e9s Kereskedelmi Korl\u00e1tolt Felel\u0151ss\u00e9g\u0171 T\u00e1rsas\u00e1g <\/span><br \/> <strong style=\"line-height: 1.5em;\">R\u00f6vid\u00edtett n\u00e9v:<\/strong><span style=\"line-height: 1.5em;\">\u00a0T.\u00c9.K. Kft.<\/span><br \/> <strong style=\"line-height: 1.5em;\">Sz\u00e9khely:\u00a0<\/strong><span style=\"line-height: 1.5em;\">H-1192 Budapest, \u00c1lmos utca 33.\u00a0<br \/><\/span><strong>Iroda:<\/strong> H-1072 Budapest, Klauz\u00e1l utca 30. (<a href=\"https:\/\/szikracoworking.hu\">Szikra Coworking<\/a>)<br \/> <strong>Ad\u00f3sz\u00e1m:<\/strong> 13042682-2-43<\/p>\n<p>[\/et_pb_text][\/et_pb_column][\/et_pb_row][\/et_pb_section]<\/p>\n","protected":false},"excerpt":{"rendered":"<p>Ha k\u00e9rd\u00e9se van, k\u00e9szs\u00e9ggel \u00e1llunk rendelkez\u00e9s\u00e9re.<\/p>\n","protected":false},"author":2,"featured_media":0,"parent":0,"menu_order":0,"comment_status":"open","ping_status":"open","template":"","meta":{"_et_pb_use_builder":"on","_et_pb_old_content":"","_et_gb_content_width":"","footnotes":""},"class_list":["post-242","page","type-page","status-publish","hentry"],"_links":{"self":[{"href":"https:\/\/tekloc.net\/hu\/wp-json\/wp\/v2\/pages\/242","targetHints":{"allow":["GET"]}}],"collection":[{"href":"https:\/\/tekloc.net\/hu\/wp-json\/wp\/v2\/pages"}],"about":[{"href":"https:\/\/tekloc.net\/hu\/wp-json\/wp\/v2\/types\/page"}],"author":[{"embeddable":true,"href":"https:\/\/tekloc.net\/hu\/wp-json\/wp\/v2\/users\/2"}],"replies":[{"embeddable":true,"href":"https:\/\/tekloc.net\/hu\/wp-json\/wp\/v2\/comments?post=242"}],"version-history":[{"count":8,"href":"https:\/\/tekloc.net\/hu\/wp-json\/wp\/v2\/pages\/242\/revisions"}],"predecessor-version":[{"id":897,"href":"https:\/\/tekloc.net\/hu\/wp-json\/wp\/v2\/pages\/242\/revisions\/897"}],"wp:attachment":[{"href":"https:\/\/tekloc.net\/hu\/wp-json\/wp\/v2\/media?parent=242"}],"curies":[{"name":"wp","href":"https:\/\/api.w.org\/{rel}","templated":true}]}}