{"id":205,"date":"2014-02-21T05:10:27","date_gmt":"2014-02-21T04:10:27","guid":{"rendered":"http:\/\/88.151.102.243\/en\/?page_id=205"},"modified":"2019-09-10T21:05:29","modified_gmt":"2019-09-10T20:05:29","slug":"szovegszinkronizalas","status":"publish","type":"page","link":"https:\/\/tekloc.net\/hu\/szolgaltatasok\/szovegszinkronizalas\/","title":{"rendered":"Sz\u00f6vegszinkroniz\u00e1l\u00e1s"},"content":{"rendered":"<p>[et_pb_section bb_built=&#8221;1&#8243; admin_label=&#8221;section&#8221; fullwidth=&#8221;on&#8221; background_color=&#8221;#00b2cd&#8221; inner_shadow=&#8221;off&#8221; parallax=&#8221;off&#8221; next_background_color=&#8221;#ffffff&#8221;][et_pb_fullwidth_header admin_label=&#8221;Fullwidth Header&#8221; title=&#8221;Sz\u00f6vegszinkroniz\u00e1l\u00e1s&#8221; subhead=&#8221;A ford\u00edt\u00f3mem\u00f3ria rendk\u00edv\u00fcl hasznos eszk\u00f6z \u2013 k\u00fcl\u00f6n\u00f6sen ha a kor\u00e1bbi ford\u00edt\u00e1sok sz\u00f6veg\u00e9t is tartalmazza!&#8221; background_layout=&#8221;dark&#8221; text_orientation=&#8221;left&#8221; content_max_width=&#8221;100%&#8221; background_color=&#8221;rgba(255, 255, 255, 0)&#8221; button_one_text_size__hover_enabled=&#8221;off&#8221; button_one_text_size__hover=&#8221;null&#8221; button_two_text_size__hover_enabled=&#8221;off&#8221; button_two_text_size__hover=&#8221;null&#8221; button_one_text_color__hover_enabled=&#8221;off&#8221; button_one_text_color__hover=&#8221;null&#8221; button_two_text_color__hover_enabled=&#8221;off&#8221; button_two_text_color__hover=&#8221;null&#8221; button_one_border_width__hover_enabled=&#8221;off&#8221; button_one_border_width__hover=&#8221;null&#8221; button_two_border_width__hover_enabled=&#8221;off&#8221; button_two_border_width__hover=&#8221;null&#8221; button_one_border_color__hover_enabled=&#8221;off&#8221; button_one_border_color__hover=&#8221;null&#8221; button_two_border_color__hover_enabled=&#8221;off&#8221; button_two_border_color__hover=&#8221;null&#8221; button_one_border_radius__hover_enabled=&#8221;off&#8221; button_one_border_radius__hover=&#8221;null&#8221; button_two_border_radius__hover_enabled=&#8221;off&#8221; button_two_border_radius__hover=&#8221;null&#8221; button_one_letter_spacing__hover_enabled=&#8221;off&#8221; button_one_letter_spacing__hover=&#8221;null&#8221; button_two_letter_spacing__hover_enabled=&#8221;off&#8221; button_two_letter_spacing__hover=&#8221;null&#8221; button_one_bg_color__hover_enabled=&#8221;off&#8221; button_one_bg_color__hover=&#8221;null&#8221; button_two_bg_color__hover_enabled=&#8221;off&#8221; button_two_bg_color__hover=&#8221;null&#8221; \/][\/et_pb_section][et_pb_section bb_built=&#8221;1&#8243; admin_label=&#8221;section&#8221; fullwidth=&#8221;off&#8221; prev_background_color=&#8221;#00b2cd&#8221; next_background_color=&#8221;#000000&#8243;][et_pb_row admin_label=&#8221;row&#8221; background_position=&#8221;top_left&#8221; background_repeat=&#8221;repeat&#8221; background_size=&#8221;initial&#8221;][et_pb_column type=&#8221;3_4&#8243;][et_pb_text admin_label=&#8221;Text&#8221; background_layout=&#8221;light&#8221; text_orientation=&#8221;left&#8221; background_position=&#8221;top_left&#8221; background_repeat=&#8221;repeat&#8221; background_size=&#8221;initial&#8221;]<\/p>\n<p>A ford\u00edt\u00f3mem\u00f3ria a kor\u00e1bban elk\u00e9sz\u00edtett ford\u00edt\u00e1sok adatb\u00e1zisa. Egym\u00e1s mellett jelen\u00edti meg a forr\u00e1ssz\u00f6veget \u00e9s a c\u00e9lnyelvi sz\u00f6veget, \u00edgy egyszer\u0171en megkereshet\u0151 a forr\u00e1snyelven \u00edrott mondatok ford\u00edt\u00e1sa.&nbsp;A ford\u00edt\u00f3mem\u00f3ria haszn\u00e1lata nem csak felgyors\u00edtja a ford\u00edt\u00e1si folyamatot, hanem a min\u0151s\u00e9g jav\u00edt\u00e1s\u00e1hoz is nagyban hozz\u00e1j\u00e1rul. Kiv\u00e1l\u00f3 terminol\u00f3giai forr\u00e1snak bizonyulhat, \u00e9s a c\u00e9lnyelvi sz\u00f6veg k\u00f6vetkezetess\u00e9g\u00e9nek meg\u0151rz\u00e9s\u00e9ben is seg\u00edt.&nbsp;A ford\u00edt\u00f3mem\u00f3ri\u00e1k l\u00e9trehoz\u00e1sa manaps\u00e1g pofonegyszer\u0171: a legt\u00f6bb ford\u00edt\u00f3 valamilyen CAT (Computer Aided Translation, sz\u00e1m\u00edt\u00f3g\u00e9ppel t\u00e1mogatott ford\u00edt\u00e1s) eszk\u00f6zzel, p\u00e9ld\u00e1ul a memoQ vagy a Trados alkalmaz\u00e1s haszn\u00e1lat\u00e1val v\u00e9gzi a munk\u00e1j\u00e1t, \u00e9s ezek a munka sor\u00e1n automatikusan l\u00e9trehozz\u00e1k a ford\u00edt\u00f3mem\u00f3ri\u00e1t.&nbsp;A ford\u00edt\u00f3k azonban rendelkezhetnek a ford\u00edt\u00f3mem\u00f3ri\u00e1k korszaka el\u0151tti id\u0151kb\u0151l sz\u00e1rmaz\u00f3 leford\u00edtott anyagokkal is. R\u00e1ad\u00e1sul egyes munkafolyamatok eset\u00e9n a m\u00f3dos\u00edt\u00e1sokat k\u00f6zvetlen\u00fcl a dokumentumokban v\u00e9gzik, CAT-eszk\u00f6z\u00f6k haszn\u00e1lata n\u00e9lk\u00fcl. Mi a teend\u0151 ilyen esetekben?&nbsp;A megold\u00e1s a sz\u00f6vegszinkroniz\u00e1l\u00e1s, vagyis a ford\u00edt\u00f3mem\u00f3ria-adatb\u00e1zisok l\u00e9trehoz\u00e1sa a m\u00e1r l\u00e9tez\u0151 dokumentumok alapj\u00e1n.&nbsp;Csapatunk mostan\u00e1ig t\u00f6bb milli\u00f3 sz\u00f3nyi sz\u00f6veg szinkroniz\u00e1l\u00e1s\u00e1t v\u00e9gezte el k\u00fcl\u00f6nb\u00f6z\u0151 nyelvp\u00e1rokon, a nem latin nyelv\u0171 sz\u00f6vegeket is bele\u00e9rtve. Nem t\u00falozunk, amikor t\u00f6bb milli\u00f3 sz\u00f3r\u00f3l besz\u00e9l\u00fcnk: mostan\u00e1ig k\u00f6r\u00fclbel\u00fcl 7 milli\u00f3 sz\u00f3nyi sz\u00f6veget szinkroniz\u00e1ltunk.<\/p>\n<p>[\/et_pb_text][\/et_pb_column][et_pb_column type=&#8221;1_4&#8243;][et_pb_text admin_label=&#8221;Text&#8221; use_border_color=&#8221;off&#8221; background_position=&#8221;top_left&#8221; background_repeat=&#8221;repeat&#8221; background_size=&#8221;initial&#8221; _builder_version=&#8221;3.17.6&#8243;]<\/p>\n<h4>Nyelvi szolg\u00e1ltat\u00e1sok*<\/h4>\n<ul>\n<li><a title=\"Ford\u00edt\u00e1s\" href=\"\/hu\/szolgaltatasok\/forditas\/\">Ford\u00edt\u00e1s<\/a><\/li>\n<li><a title=\"Min\u0151s\u00e9gbiztos\u00edt\u00e1s\" href=\"\/hu\/szolgaltatasok\/minosegbiztositas\/\">Min\u0151s\u00e9gbiztos\u00edt\u00e1s<\/a><\/li>\n<li><a title=\"Terminol\u00f3gia egyeztet\u00e9se\" href=\"\/hu\/szolgaltatasok\/terminologia-egyeztetese\/\">Terminol\u00f3gia egyeztet\u00e9se <\/a><\/li>\n<\/ul>\n<h4>M\u0171szaki szolg\u00e1ltat\u00e1sok**<\/h4>\n<ul>\n<li><a title=\"Honos\u00edt\u00f3 m\u00e9rn\u00f6ki feladatok\" href=\"\/hu\/szolgaltatasok\/honosito-mernoki-feladatok\/\">Honos\u00edt\u00f3 m\u00e9rn\u00f6ki feladatok<\/a><\/li>\n<li><b>Sz\u00f6vegszinkroniz\u00e1l\u00e1s <\/b><\/li>\n<\/ul>\n<p> *bizonyos nyelveken el\u00e9rhet\u0151 <br \/>**minden nyelven el\u00e9rhet\u0151<\/p>\n<p>[\/et_pb_text][\/et_pb_column][\/et_pb_row][\/et_pb_section][et_pb_section bb_built=&#8221;1&#8243; admin_label=&#8221;section&#8221; fullwidth=&#8221;off&#8221; prev_background_color=&#8221;#000000&#8243;][et_pb_row admin_label=&#8221;row&#8221; background_position=&#8221;top_left&#8221; background_repeat=&#8221;repeat&#8221; background_size=&#8221;initial&#8221;][et_pb_column type=&#8221;4_4&#8243;][et_pb_image admin_label=&#8221;Image&#8221; src=&#8221;\/\/tekloc.net\/hu\/wp-content\/uploads\/sites\/3\/2014\/02\/Alignment_large.png&#8221; use_border_color=&#8221;off&#8221; _builder_version=&#8221;3.12.2&#8243; \/][\/et_pb_column][\/et_pb_row][\/et_pb_section]<\/p>\n","protected":false},"excerpt":{"rendered":"<p>A ford\u00edt\u00f3mem\u00f3ria rendk\u00edv\u00fcl hasznos eszk\u00f6z \u2013 k\u00fcl\u00f6n\u00f6sen ha a kor\u00e1bbi ford\u00edt\u00e1sok sz\u00f6veg\u00e9t is tartalmazza!<\/p>\n","protected":false},"author":2,"featured_media":0,"parent":32,"menu_order":0,"comment_status":"closed","ping_status":"closed","template":"","meta":{"_et_pb_use_builder":"on","_et_pb_old_content":"","_et_gb_content_width":"","footnotes":""},"class_list":["post-205","page","type-page","status-publish","hentry"],"_links":{"self":[{"href":"https:\/\/tekloc.net\/hu\/wp-json\/wp\/v2\/pages\/205","targetHints":{"allow":["GET"]}}],"collection":[{"href":"https:\/\/tekloc.net\/hu\/wp-json\/wp\/v2\/pages"}],"about":[{"href":"https:\/\/tekloc.net\/hu\/wp-json\/wp\/v2\/types\/page"}],"author":[{"embeddable":true,"href":"https:\/\/tekloc.net\/hu\/wp-json\/wp\/v2\/users\/2"}],"replies":[{"embeddable":true,"href":"https:\/\/tekloc.net\/hu\/wp-json\/wp\/v2\/comments?post=205"}],"version-history":[{"count":5,"href":"https:\/\/tekloc.net\/hu\/wp-json\/wp\/v2\/pages\/205\/revisions"}],"predecessor-version":[{"id":854,"href":"https:\/\/tekloc.net\/hu\/wp-json\/wp\/v2\/pages\/205\/revisions\/854"}],"up":[{"embeddable":true,"href":"https:\/\/tekloc.net\/hu\/wp-json\/wp\/v2\/pages\/32"}],"wp:attachment":[{"href":"https:\/\/tekloc.net\/hu\/wp-json\/wp\/v2\/media?parent=205"}],"curies":[{"name":"wp","href":"https:\/\/api.w.org\/{rel}","templated":true}]}}