{"id":171,"date":"2014-02-21T04:01:27","date_gmt":"2014-02-21T03:01:27","guid":{"rendered":"http:\/\/88.151.102.243\/en\/?page_id=171"},"modified":"2019-09-10T21:06:21","modified_gmt":"2019-09-10T20:06:21","slug":"terminologia-egyeztetese","status":"publish","type":"page","link":"https:\/\/tekloc.net\/hu\/szolgaltatasok\/terminologia-egyeztetese\/","title":{"rendered":"Terminol\u00f3gia egyeztet\u00e9se"},"content":{"rendered":"<p>[et_pb_section bb_built=&#8221;1&#8243; admin_label=&#8221;section&#8221; fullwidth=&#8221;on&#8221; background_color=&#8221;#00b2cd&#8221; inner_shadow=&#8221;off&#8221; parallax=&#8221;off&#8221; next_background_color=&#8221;#ffffff&#8221;][et_pb_fullwidth_header admin_label=&#8221;Fullwidth Header&#8221; title=&#8221;Terminol\u00f3gia egyeztet\u00e9se&#8221; subhead=&#8221;A sz\u00f6vegk\u00f6rnyezetnek megfelel\u0151 szavak haszn\u00e1lata&#8221; background_layout=&#8221;dark&#8221; text_orientation=&#8221;left&#8221; content_max_width=&#8221;100%&#8221; background_color=&#8221;rgba(255, 255, 255, 0)&#8221; button_one_text_size__hover_enabled=&#8221;off&#8221; button_one_text_size__hover=&#8221;null&#8221; button_two_text_size__hover_enabled=&#8221;off&#8221; button_two_text_size__hover=&#8221;null&#8221; button_one_text_color__hover_enabled=&#8221;off&#8221; button_one_text_color__hover=&#8221;null&#8221; button_two_text_color__hover_enabled=&#8221;off&#8221; button_two_text_color__hover=&#8221;null&#8221; button_one_border_width__hover_enabled=&#8221;off&#8221; button_one_border_width__hover=&#8221;null&#8221; button_two_border_width__hover_enabled=&#8221;off&#8221; button_two_border_width__hover=&#8221;null&#8221; button_one_border_color__hover_enabled=&#8221;off&#8221; button_one_border_color__hover=&#8221;null&#8221; button_two_border_color__hover_enabled=&#8221;off&#8221; button_two_border_color__hover=&#8221;null&#8221; button_one_border_radius__hover_enabled=&#8221;off&#8221; button_one_border_radius__hover=&#8221;null&#8221; button_two_border_radius__hover_enabled=&#8221;off&#8221; button_two_border_radius__hover=&#8221;null&#8221; button_one_letter_spacing__hover_enabled=&#8221;off&#8221; button_one_letter_spacing__hover=&#8221;null&#8221; button_two_letter_spacing__hover_enabled=&#8221;off&#8221; button_two_letter_spacing__hover=&#8221;null&#8221; button_one_bg_color__hover_enabled=&#8221;off&#8221; button_one_bg_color__hover=&#8221;null&#8221; button_two_bg_color__hover_enabled=&#8221;off&#8221; button_two_bg_color__hover=&#8221;null&#8221; \/][\/et_pb_section][et_pb_section bb_built=&#8221;1&#8243; admin_label=&#8221;section&#8221; fullwidth=&#8221;off&#8221; prev_background_color=&#8221;#00b2cd&#8221;][et_pb_row admin_label=&#8221;row&#8221; background_position=&#8221;top_left&#8221; background_repeat=&#8221;repeat&#8221; background_size=&#8221;initial&#8221;][et_pb_column type=&#8221;1_4&#8243;][et_pb_image admin_label=&#8221;Image&#8221; src=&#8221;\/\/tekloc.net\/en\/wp-content\/uploads\/sites\/2\/2014\/02\/Terminology.png&#8221; animation_style=&#8221;slide&#8221; animation_duration=&#8221;500ms&#8221; animation_intensity_slide=&#8221;10%&#8221; animation_direction=&#8221;bottom&#8221; _builder_version=&#8221;3.12.2&#8243; \/][\/et_pb_column][et_pb_column type=&#8221;1_2&#8243;][et_pb_text admin_label=&#8221;Text&#8221; background_layout=&#8221;light&#8221; text_orientation=&#8221;left&#8221; background_position=&#8221;top_left&#8221; background_repeat=&#8221;repeat&#8221; background_size=&#8221;initial&#8221;]<\/p>\n<p>A szavak fontosak. \u00c9s nem csak az\u00e9rt, mert a sz\u00f3sz\u00e1m hat\u00e1rozza meg az \u00e1rat. Az adott sz\u00f6vegk\u00f6rnyezetbe legink\u00e1bb ill\u0151 szavak kiv\u00e1laszt\u00e1sa kulcsfontoss\u00e1g\u00fa a hat\u00e9kony kommunik\u00e1ci\u00f3 \u00e9rdek\u00e9ben. Nem ismerhetj\u00fck minden egyes szakter\u00fclet teljes terminusk\u00e9szlet\u00e9t az alkalmazott grafik\u00e1t\u00f3l a zeneelm\u00e9letig. Azonban mindennapi munk\u00e1nk sor\u00e1n gyarap\u00edtjuk, haszn\u00e1ljuk \u00e9s kezelj\u00fck terminol\u00f3giai adatb\u00e1zisunkat, \u00edgy t\u00f6k\u00e9letesen tiszt\u00e1ban vagyunk a terminol\u00f3gi\u00e1t \u00e9rint\u0151 elv\u00e1r\u00e1sokkal. Nyelv\u00e9szek vagyunk, akik a kiterjedt, k\u00f6vetkezetes \u00e9s egyszer\u0171en haszn\u00e1lhat\u00f3 terminol\u00f3gia-adatb\u00e1zisok r\u00e9v\u00e9n egyar\u00e1nt k\u00e9pesek megsz\u00f3l\u00edtani az alkalmazott grafika \u00e9s a zeneelm\u00e9let ter\u00fclet\u00e9n dolgoz\u00f3 szakembereket. Azzal is tiszt\u00e1ban vagyunk, hogy az egyes szakter\u00fcleteken milyen terminol\u00f3gi\u00e1t lehet \u00e9s kell haszn\u00e1lni. A terminol\u00f3gia egyeztet\u00e9se mindennapos munk\u00e1nk r\u00e9sze. Ide\u00e1lis esetben k\u00f6zvetlen kapcsolatban \u00e1llunk a term\u00e9kek felhaszn\u00e1l\u00f3ival (sok esetben magunk is a felhaszn\u00e1l\u00f3i k\u00f6z\u00f6ss\u00e9g r\u00e9sz\u00e9t alkotjuk), \u00edgy hat\u00e9konyan reag\u00e1lhatunk a javaslatokra \u00e9s a visszajelz\u00e9sekre. Bizonyos szempontb\u00f3l \u00fagy funkcion\u00e1lunk, mint egy v\u00e1llalat magyarorsz\u00e1gi nyelvi r\u00e9szlege.<\/p>\n<p>[\/et_pb_text][\/et_pb_column][et_pb_column type=&#8221;1_4&#8243;][et_pb_text admin_label=&#8221;Text&#8221; use_border_color=&#8221;off&#8221; background_position=&#8221;top_left&#8221; background_repeat=&#8221;repeat&#8221; background_size=&#8221;initial&#8221; _builder_version=&#8221;3.17.6&#8243;]<\/p>\n<h4>Nyelvi szolg\u00e1ltat\u00e1sok*<\/h4>\n<ul>\n<li><a title=\"Ford\u00edt\u00e1s\" href=\"\/hu\/szolgaltatasok\/forditas\/\">Ford\u00edt\u00e1s<\/a><\/li>\n<li><a title=\"Min\u0151s\u00e9gbiztos\u00edt\u00e1s\" href=\"\/hu\/szolgaltatasok\/minosegbiztositas\/\">Min\u0151s\u00e9gbiztos\u00edt\u00e1s<\/a><\/li>\n<li><b>Terminol\u00f3gia egyeztet\u00e9se <\/b><\/li>\n<\/ul>\n<h4>M\u0171szaki szolg\u00e1ltat\u00e1sok**<\/h4>\n<ul>\n<li><a title=\"Honos\u00edt\u00f3 m\u00e9rn\u00f6ki feladatok\" href=\"\/hu\/szolgaltatasok\/honosito-mernoki-feladatok\/\">Honos\u00edt\u00f3 m\u00e9rn\u00f6ki feladatok<\/a><\/li>\n<li><a title=\"Sz\u00f6vegszinkroniz\u00e1l\u00e1s\" href=\"\/hu\/szolgaltatasok\/szovegszinkronizalas\/\">Sz\u00f6vegszinkroniz\u00e1l\u00e1s <\/a><\/li>\n<\/ul>\n<p> *bizonyos nyelveken el\u00e9rhet\u0151 <br \/>**minden nyelven el\u00e9rhet\u0151<\/p>\n<p>[\/et_pb_text][\/et_pb_column][\/et_pb_row][\/et_pb_section]<\/p>\n","protected":false},"excerpt":{"rendered":"<p>A sz\u00f6vegk\u00f6rnyezetnek megfelel\u0151 szavak haszn\u00e1lata.<\/p>\n","protected":false},"author":2,"featured_media":0,"parent":32,"menu_order":0,"comment_status":"closed","ping_status":"closed","template":"","meta":{"_et_pb_use_builder":"on","_et_pb_old_content":"Terminology","_et_gb_content_width":"","footnotes":""},"class_list":["post-171","page","type-page","status-publish","hentry"],"_links":{"self":[{"href":"https:\/\/tekloc.net\/hu\/wp-json\/wp\/v2\/pages\/171","targetHints":{"allow":["GET"]}}],"collection":[{"href":"https:\/\/tekloc.net\/hu\/wp-json\/wp\/v2\/pages"}],"about":[{"href":"https:\/\/tekloc.net\/hu\/wp-json\/wp\/v2\/types\/page"}],"author":[{"embeddable":true,"href":"https:\/\/tekloc.net\/hu\/wp-json\/wp\/v2\/users\/2"}],"replies":[{"embeddable":true,"href":"https:\/\/tekloc.net\/hu\/wp-json\/wp\/v2\/comments?post=171"}],"version-history":[{"count":3,"href":"https:\/\/tekloc.net\/hu\/wp-json\/wp\/v2\/pages\/171\/revisions"}],"predecessor-version":[{"id":855,"href":"https:\/\/tekloc.net\/hu\/wp-json\/wp\/v2\/pages\/171\/revisions\/855"}],"up":[{"embeddable":true,"href":"https:\/\/tekloc.net\/hu\/wp-json\/wp\/v2\/pages\/32"}],"wp:attachment":[{"href":"https:\/\/tekloc.net\/hu\/wp-json\/wp\/v2\/media?parent=171"}],"curies":[{"name":"wp","href":"https:\/\/api.w.org\/{rel}","templated":true}]}}