{"id":162,"date":"2014-02-21T03:58:30","date_gmt":"2014-02-21T02:58:30","guid":{"rendered":"http:\/\/88.151.102.243\/en\/?page_id=162"},"modified":"2019-09-10T21:04:34","modified_gmt":"2019-09-10T20:04:34","slug":"minosegbiztositas","status":"publish","type":"page","link":"https:\/\/tekloc.net\/hu\/szolgaltatasok\/minosegbiztositas\/","title":{"rendered":"Min\u0151s\u00e9gbiztos\u00edt\u00e1s"},"content":{"rendered":"<p>[et_pb_section bb_built=&#8221;1&#8243; admin_label=&#8221;section&#8221; fullwidth=&#8221;on&#8221; background_color=&#8221;#00b2cd&#8221; inner_shadow=&#8221;off&#8221; parallax=&#8221;off&#8221; next_background_color=&#8221;#ffffff&#8221;][et_pb_fullwidth_header admin_label=&#8221;Fullwidth Header&#8221; title=&#8221;Min\u0151s\u00e9gbiztos\u00edt\u00e1s&#8221; subhead=&#8221;A j\u00f3 ford\u00edt\u00f3 folyamatos visszajelz\u00e9st ig\u00e9nyel.&#8221; background_layout=&#8221;dark&#8221; text_orientation=&#8221;left&#8221; content_max_width=&#8221;100%&#8221; background_color=&#8221;rgba(255, 255, 255, 0)&#8221; button_one_text_size__hover_enabled=&#8221;off&#8221; button_one_text_size__hover=&#8221;null&#8221; button_two_text_size__hover_enabled=&#8221;off&#8221; button_two_text_size__hover=&#8221;null&#8221; button_one_text_color__hover_enabled=&#8221;off&#8221; button_one_text_color__hover=&#8221;null&#8221; button_two_text_color__hover_enabled=&#8221;off&#8221; button_two_text_color__hover=&#8221;null&#8221; button_one_border_width__hover_enabled=&#8221;off&#8221; button_one_border_width__hover=&#8221;null&#8221; button_two_border_width__hover_enabled=&#8221;off&#8221; button_two_border_width__hover=&#8221;null&#8221; button_one_border_color__hover_enabled=&#8221;off&#8221; button_one_border_color__hover=&#8221;null&#8221; button_two_border_color__hover_enabled=&#8221;off&#8221; button_two_border_color__hover=&#8221;null&#8221; button_one_border_radius__hover_enabled=&#8221;off&#8221; button_one_border_radius__hover=&#8221;null&#8221; button_two_border_radius__hover_enabled=&#8221;off&#8221; button_two_border_radius__hover=&#8221;null&#8221; button_one_letter_spacing__hover_enabled=&#8221;off&#8221; button_one_letter_spacing__hover=&#8221;null&#8221; button_two_letter_spacing__hover_enabled=&#8221;off&#8221; button_two_letter_spacing__hover=&#8221;null&#8221; button_one_bg_color__hover_enabled=&#8221;off&#8221; button_one_bg_color__hover=&#8221;null&#8221; button_two_bg_color__hover_enabled=&#8221;off&#8221; button_two_bg_color__hover=&#8221;null&#8221; \/][\/et_pb_section][et_pb_section bb_built=&#8221;1&#8243; admin_label=&#8221;section&#8221; fullwidth=&#8221;off&#8221; prev_background_color=&#8221;#00b2cd&#8221;][et_pb_row admin_label=&#8221;row&#8221; background_position=&#8221;top_left&#8221; background_repeat=&#8221;repeat&#8221; background_size=&#8221;initial&#8221;][et_pb_column type=&#8221;1_4&#8243;][et_pb_image admin_label=&#8221;Image&#8221; src=&#8221;\/\/tekloc.net\/hu\/wp-content\/uploads\/sites\/3\/2014\/02\/QAprocess.png&#8221; use_border_color=&#8221;off&#8221; animation_style=&#8221;slide&#8221; animation_duration=&#8221;500ms&#8221; animation_intensity_slide=&#8221;10%&#8221; animation_direction=&#8221;top&#8221; _builder_version=&#8221;3.12.2&#8243; \/][\/et_pb_column][et_pb_column type=&#8221;1_2&#8243;][et_pb_text admin_label=&#8221;Text&#8221; background_layout=&#8221;light&#8221; text_orientation=&#8221;left&#8221; background_position=&#8221;top_left&#8221; background_repeat=&#8221;repeat&#8221; background_size=&#8221;initial&#8221;]<\/p>\n<p>Biztos abban, hogy a lehet\u0151 legjobb ford\u00edt\u00f3kat alkalmazza a csapatban? Vagy m\u00e9gsem? Egy gyors ellen\u0151rz\u00e9s sosem \u00e1rt&#8230; Egy j\u00f3 ford\u00edt\u00f3nak k\u00fcl\u00f6nb\u00f6z\u0151 k\u00e9szs\u00e9gekkel \u00e9s k\u00e9pess\u00e9gekkel kell rendelkeznie. A visszajelz\u00e9sekre pedig mindig fejl\u0151d\u00e9si lehet\u0151s\u00e9gk\u00e9nt kell tekintenie. A min\u0151s\u00e9gbiztos\u00edt\u00e1s els\u0151dleges c\u00e9lja az \u00fcgyf\u00e9l sz\u00e1m\u00e1ra \u00e1tadott anyagok min\u0151s\u00e9g\u00e9nek jav\u00edt\u00e1sa. Ez a fogalom elnevez\u00e9s\u00e9b\u0151l is egy\u00e9rtelm\u0171en k\u00f6vetkezik. A min\u0151s\u00e9gbiztos\u00edt\u00e1si elj\u00e1r\u00e1s azonban vit\u00e1khoz vezethet, ami miatt az eg\u00e9sz folyamat kellemetlenn\u00e9 vagy hi\u00e1baval\u00f3v\u00e1 v\u00e1lhat. \u00c1ll\u00e1spontunk szerint a min\u0151s\u00e9gbiztos\u00edt\u00e1s l\u00e9nyege nem a ford\u00edt\u00e1si hib\u00e1k keresg\u00e9l\u00e9s\u00e9ben rejlik: a folyamat ink\u00e1bb arra ny\u00fajt kiv\u00e1l\u00f3 alkalmat, hogy tud\u00e1sunkat \u00e9s kreat\u00edv \u00f6tleteinket m\u00e1s ford\u00edt\u00f3kkal is megoszthassuk. Magunk is tanulunk a kapott min\u0151s\u00e9gbiztos\u00edt\u00e1si visszajelz\u00e9sekb\u0151l, \u00e9s ezt a tud\u00e1st igyeksz\u00fcnk tov\u00e1bbadni a m\u00e1s ford\u00edt\u00f3k munk\u00e1j\u00e1nak \u00e9rt\u00e9kel\u00e9sekor.<\/p>\n<p>[\/et_pb_text][\/et_pb_column][et_pb_column type=&#8221;1_4&#8243;][et_pb_text admin_label=&#8221;Text&#8221; use_border_color=&#8221;off&#8221; background_position=&#8221;top_left&#8221; background_repeat=&#8221;repeat&#8221; background_size=&#8221;initial&#8221; _builder_version=&#8221;3.17.6&#8243;]<\/p>\n<h4>Nyelvi szolg\u00e1ltat\u00e1sok*<\/h4>\n<ul>\n<li><a title=\"Ford\u00edt\u00e1s\" href=\"\/hu\/szolgaltatasok\/forditas\/\">Ford\u00edt\u00e1s<\/a><\/li>\n<li><b>Min\u0151s\u00e9gbiztos\u00edt\u00e1s<\/b><\/li>\n<li><a title=\"Terminol\u00f3gia egyeztet\u00e9se\" href=\"\/hu\/szolgaltatasok\/terminologia-egyeztetese\/\">Terminol\u00f3gia egyeztet\u00e9se <\/a><\/li>\n<\/ul>\n<h4>M\u0171szaki szolg\u00e1ltat\u00e1sok**<\/h4>\n<ul>\n<li><a title=\"Honos\u00edt\u00f3 m\u00e9rn\u00f6ki feladatok\" href=\"\/hu\/szolgaltatasok\/honosito-mernoki-feladatok\/\">Honos\u00edt\u00f3 m\u00e9rn\u00f6ki feladatok<\/a><\/li>\n<li><a title=\"Sz\u00f6vegszinkroniz\u00e1l\u00e1s\" href=\"\/hu\/szolgaltatasok\/szovegszinkronizalas\/\">Sz\u00f6vegszinkroniz\u00e1l\u00e1s <\/a><\/li>\n<\/ul>\n<p> *bizonyos nyelveken el\u00e9rhet\u0151 <br \/>**minden nyelven el\u00e9rhet\u0151<\/p>\n<p>[\/et_pb_text][\/et_pb_column][\/et_pb_row][\/et_pb_section]<\/p>\n","protected":false},"excerpt":{"rendered":"<p>A j\u00f3 ford\u00edt\u00f3 folyamatos visszajelz\u00e9st ig\u00e9nyel.<\/p>\n","protected":false},"author":2,"featured_media":0,"parent":32,"menu_order":0,"comment_status":"closed","ping_status":"closed","template":"","meta":{"_et_pb_use_builder":"on","_et_pb_old_content":"Some text about quality assurance","_et_gb_content_width":"","footnotes":""},"class_list":["post-162","page","type-page","status-publish","hentry"],"_links":{"self":[{"href":"https:\/\/tekloc.net\/hu\/wp-json\/wp\/v2\/pages\/162","targetHints":{"allow":["GET"]}}],"collection":[{"href":"https:\/\/tekloc.net\/hu\/wp-json\/wp\/v2\/pages"}],"about":[{"href":"https:\/\/tekloc.net\/hu\/wp-json\/wp\/v2\/types\/page"}],"author":[{"embeddable":true,"href":"https:\/\/tekloc.net\/hu\/wp-json\/wp\/v2\/users\/2"}],"replies":[{"embeddable":true,"href":"https:\/\/tekloc.net\/hu\/wp-json\/wp\/v2\/comments?post=162"}],"version-history":[{"count":5,"href":"https:\/\/tekloc.net\/hu\/wp-json\/wp\/v2\/pages\/162\/revisions"}],"predecessor-version":[{"id":853,"href":"https:\/\/tekloc.net\/hu\/wp-json\/wp\/v2\/pages\/162\/revisions\/853"}],"up":[{"embeddable":true,"href":"https:\/\/tekloc.net\/hu\/wp-json\/wp\/v2\/pages\/32"}],"wp:attachment":[{"href":"https:\/\/tekloc.net\/hu\/wp-json\/wp\/v2\/media?parent=162"}],"curies":[{"name":"wp","href":"https:\/\/api.w.org\/{rel}","templated":true}]}}