{"id":2,"date":"2014-01-29T09:02:49","date_gmt":"2014-01-29T09:02:49","guid":{"rendered":"http:\/\/88.151.102.243\/en\/?page_id=2"},"modified":"2022-12-16T12:45:31","modified_gmt":"2022-12-16T11:45:31","slug":"quality-policy","status":"publish","type":"page","link":"https:\/\/tekloc.net\/en\/company\/quality-policy\/","title":{"rendered":"Quality Policy"},"content":{"rendered":"<p>[et_pb_section fb_built=&#8221;1&#8243; fullwidth=&#8221;on&#8221; admin_label=&#8221;section&#8221; _builder_version=&#8221;4.16&#8243; background_color=&#8221;#045f8d&#8221; global_colors_info=&#8221;{}&#8221;][et_pb_fullwidth_header title=&#8221;Quality Policy&#8221; subhead=&#8221;All our jobs are carried out in line with our quality policy.&#8221; content_max_width=&#8221;none&#8221; _builder_version=&#8221;4.16&#8243; background_color=&#8221;rgba(255, 255, 255, 0)&#8221; global_colors_info=&#8221;{}&#8221; button_one_text_size__hover_enabled=&#8221;off&#8221; button_two_text_size__hover_enabled=&#8221;off&#8221; button_one_text_color__hover_enabled=&#8221;off&#8221; button_two_text_color__hover_enabled=&#8221;off&#8221; button_one_border_width__hover_enabled=&#8221;off&#8221; button_two_border_width__hover_enabled=&#8221;off&#8221; button_one_border_color__hover_enabled=&#8221;off&#8221; button_two_border_color__hover_enabled=&#8221;off&#8221; button_one_border_radius__hover_enabled=&#8221;off&#8221; button_two_border_radius__hover_enabled=&#8221;off&#8221; button_one_letter_spacing__hover_enabled=&#8221;off&#8221; button_two_letter_spacing__hover_enabled=&#8221;off&#8221; button_one_bg_color__hover_enabled=&#8221;off&#8221; button_two_bg_color__hover_enabled=&#8221;off&#8221;][\/et_pb_fullwidth_header][\/et_pb_section][et_pb_section fb_built=&#8221;1&#8243; admin_label=&#8221;section&#8221; _builder_version=&#8221;4.16&#8243; global_colors_info=&#8221;{}&#8221;][et_pb_row admin_label=&#8221;row&#8221; _builder_version=&#8221;4.16&#8243; background_size=&#8221;initial&#8221; background_position=&#8221;top_left&#8221; background_repeat=&#8221;repeat&#8221; global_colors_info=&#8221;{}&#8221;][et_pb_column type=&#8221;4_4&#8243; _builder_version=&#8221;4.16&#8243; custom_padding=&#8221;|||&#8221; global_colors_info=&#8221;{}&#8221; custom_padding__hover=&#8221;|||&#8221;][et_pb_text _builder_version=&#8221;4.16&#8243; background_size=&#8221;initial&#8221; background_position=&#8221;top_left&#8221; background_repeat=&#8221;repeat&#8221; global_colors_info=&#8221;{}&#8221;]<\/p>\n<p>TEK Localizations\u2019 main scope of activity is to provide translation services for local and foreign companies. Our primary objective is to deliver a service of the highest quality in every aspect, which meets our customers\u2019 requirements and expectations.<\/p>\n<p>To achieve this objective:<\/p>\n<ul>\n<li>we maintain ISO 9001:2015 Quality Management System, treating it as a tool to improve customer satisfaction;<\/li>\n<li>we aim to be supremely acquainted with any explicit or tacit demands and to keep deadlines;<\/li>\n<li>we continuously develop our services and tools to meet our customers\u2019 requirements at the highest possible level;<\/li>\n<li>we assess any risks and opportunities in our processes to continuously improve our Quality Management System;<\/li>\n<li>when selecting our suppliers, we evaluate the circumstances that may affect the quality of our activities carried out with their contribution, and we expect them to identify with our quality objectives;<\/li>\n<li>we continuously evaluate and verify the work of our suppliers and employees to ensure that the final product delivered to the customer always meets the requirements;<\/li>\n<li>we provide regular feedback to our suppliers to help improvement of their services;<\/li>\n<li>we insist on our colleagues having deep and up-to-date knowledge; they receive continuous training and we support their self-study initiatives;<\/li>\n<li>we make sure that our colleagues and suppliers have access to all documents and guides required to carry out their work, and we make sure that these documents and guides stay up-to-date;<\/li>\n<li>we make sure that our colleagues and suppliers are acquainted with and understand our quality policy, and adopt it in their work;<\/li>\n<li>we continuously assess and improve the software and hardware we use in our work.<\/li>\n<\/ul>\n<p>TEK Localizations\u2019 management is committed to complying with the requirements and continuously improving the effectiveness of the Quality Management System.<\/p>\n<p>Our colleagues and suppliers understand and accept our quality policy and the directions of our Quality Management System, and are bound by them during the course of their work.<\/p>\n<p>Last updated: 30 November, 2019<\/p>\n<p>[\/et_pb_text][\/et_pb_column][\/et_pb_row][et_pb_row column_structure=&#8221;1_3,1_3,1_3&#8243; admin_label=&#8221;row&#8221; _builder_version=&#8221;4.16&#8243; background_size=&#8221;initial&#8221; background_position=&#8221;top_left&#8221; background_repeat=&#8221;repeat&#8221; global_colors_info=&#8221;{}&#8221;][et_pb_column type=&#8221;1_3&#8243; _builder_version=&#8221;4.16&#8243; custom_padding=&#8221;|||&#8221; global_colors_info=&#8221;{}&#8221; custom_padding__hover=&#8221;|||&#8221;][et_pb_image src=&#8221;https:\/\/tekloc.net\/en\/wp-content\/uploads\/sites\/2\/2022\/12\/certificate-9K-UKAS-eng-HU005956-T.E.K.-Muszaki-Szolg-Sztechn-es-Ker-Kft-GA_1.png&#8221; alt=&#8221;Click to download the certificate in PDF&#8221; title_text=&#8221;certificate 9K UKAS eng HU005956 T.\u00c9.K. M\u0171szaki Szolg, Sztechn \u00e9s Ker Kft GA_1&#8243; url=&#8221;https:\/\/tekloc.net\/en\/wp-content\/uploads\/sites\/2\/2022\/12\/certificate-9K-UKAS-eng-HU005956-T.E.K.-Muszaki-Szolg-Sztechn-es-Ker-Kft-GA.pdf&#8221; align_tablet=&#8221;center&#8221; align_phone=&#8221;&#8221; align_last_edited=&#8221;on|desktop&#8221; _builder_version=&#8221;4.19.3&#8243; animation_style=&#8221;slide&#8221; animation_direction=&#8221;left&#8221; animation_duration=&#8221;500ms&#8221; animation_intensity_slide=&#8221;10%&#8221; hover_enabled=&#8221;0&#8243; animation=&#8221;left&#8221; sticky=&#8221;off&#8221; global_colors_info=&#8221;{}&#8221; sticky_enabled=&#8221;0&#8243;][\/et_pb_image][et_pb_text _builder_version=&#8221;4.19.3&#8243; background_size=&#8221;initial&#8221; background_position=&#8221;top_left&#8221; background_repeat=&#8221;repeat&#8221; hover_enabled=&#8221;0&#8243; global_colors_info=&#8221;{}&#8221; sticky_enabled=&#8221;0&#8243;]<\/p>\n<p><a href=\"https:\/\/tekloc.net\/en\/wp-content\/uploads\/sites\/2\/2022\/12\/certificate-9K-UKAS-eng-HU005956-T.E.K.-Muszaki-Szolg-Sztechn-es-Ker-Kft-GA.pdf\">ISO 9001 Certificate<\/a><\/p>\n<p>[\/et_pb_text][\/et_pb_column][et_pb_column type=&#8221;1_3&#8243; _builder_version=&#8221;4.16&#8243; custom_padding=&#8221;|||&#8221; global_colors_info=&#8221;{}&#8221; custom_padding__hover=&#8221;|||&#8221;][et_pb_image src=&#8221;https:\/\/tekloc.net\/en\/wp-content\/uploads\/sites\/2\/2022\/12\/certificate-17k-NONACC-eng-HU005957-T.E.K.-Muszaki-Szolg-Sztechn-es-Ker-Kft-GA_1.png&#8221; alt=&#8221;Click to download the certificate in PDF&#8221; title_text=&#8221;certificate 17k NONACC eng HU005957 T.\u00c9.K. M\u0171szaki Szolg, Sztechn \u00e9s Ker Kft GA_1&#8243; url=&#8221;https:\/\/tekloc.net\/en\/wp-content\/uploads\/sites\/2\/2022\/12\/certificate-17k-NONACC-eng-HU005957-T.E.K.-Muszaki-Szolg-Sztechn-es-Ker-Kft-GA.pdf&#8221; align_tablet=&#8221;center&#8221; align_phone=&#8221;&#8221; align_last_edited=&#8221;on|desktop&#8221; _builder_version=&#8221;4.19.3&#8243; animation_style=&#8221;slide&#8221; animation_direction=&#8221;left&#8221; animation_duration=&#8221;500ms&#8221; animation_intensity_slide=&#8221;10%&#8221; hover_enabled=&#8221;0&#8243; animation=&#8221;left&#8221; sticky=&#8221;off&#8221; global_colors_info=&#8221;{}&#8221; sticky_enabled=&#8221;0&#8243;][\/et_pb_image][et_pb_text _builder_version=&#8221;4.19.3&#8243; background_size=&#8221;initial&#8221; background_position=&#8221;top_left&#8221; background_repeat=&#8221;repeat&#8221; hover_enabled=&#8221;0&#8243; global_colors_info=&#8221;{}&#8221; sticky_enabled=&#8221;0&#8243;]<\/p>\n<p><a href=\"https:\/\/tekloc.net\/en\/wp-content\/uploads\/sites\/2\/2022\/12\/certificate-17k-NONACC-eng-HU005957-T.E.K.-Muszaki-Szolg-Sztechn-es-Ker-Kft-GA.pdf\">ISO 17100 Certificate<\/a><\/p>\n<p>[\/et_pb_text][\/et_pb_column][et_pb_column type=&#8221;1_3&#8243; _builder_version=&#8221;4.16&#8243; custom_padding=&#8221;|||&#8221; global_colors_info=&#8221;{}&#8221; custom_padding__hover=&#8221;|||&#8221;][et_pb_image src=&#8221;https:\/\/tekloc.net\/en\/wp-content\/uploads\/sites\/2\/2022\/12\/certificate-18k-NONACC-eng-HU005967-T.E.K.-Muszaki-Szolg-Sztechn-es-Ker-Kft-GA_1.png&#8221; alt=&#8221;Click to download the certificate in PDF&#8221; title_text=&#8221;certificate 18k NONACC eng HU005967 T.\u00c9.K. M\u0171szaki Szolg, Sztechn \u00e9s Ker Kft GA_1&#8243; url=&#8221;https:\/\/tekloc.net\/en\/wp-content\/uploads\/sites\/2\/2022\/12\/certificate-18k-NONACC-eng-HU005967-T.E.K.-Muszaki-Szolg-Sztechn-es-Ker-Kft-GA.pdf&#8221; align_tablet=&#8221;center&#8221; align_phone=&#8221;&#8221; align_last_edited=&#8221;on|desktop&#8221; _builder_version=&#8221;4.19.3&#8243; animation_style=&#8221;slide&#8221; animation_direction=&#8221;left&#8221; animation_duration=&#8221;500ms&#8221; animation_intensity_slide=&#8221;10%&#8221; hover_enabled=&#8221;0&#8243; animation=&#8221;left&#8221; sticky=&#8221;off&#8221; global_colors_info=&#8221;{}&#8221; sticky_enabled=&#8221;0&#8243;][\/et_pb_image][et_pb_text _builder_version=&#8221;4.19.3&#8243; background_size=&#8221;initial&#8221; background_position=&#8221;top_left&#8221; background_repeat=&#8221;repeat&#8221; hover_enabled=&#8221;0&#8243; global_colors_info=&#8221;{}&#8221; sticky_enabled=&#8221;0&#8243;]<\/p>\n<p><a href=\"https:\/\/tekloc.net\/en\/wp-content\/uploads\/sites\/2\/2022\/12\/certificate-18k-NONACC-eng-HU005967-T.E.K.-Muszaki-Szolg-Sztechn-es-Ker-Kft-GA.pdf\">ISO 18587 Certificate<\/a><\/p>\n<p>[\/et_pb_text][\/et_pb_column][\/et_pb_row][\/et_pb_section]<\/p>\n","protected":false},"excerpt":{"rendered":"<p>All our jobs are carried out in line with our quality policy.<\/p>\n","protected":false},"author":1,"featured_media":0,"parent":26,"menu_order":0,"comment_status":"open","ping_status":"open","template":"","meta":{"_et_pb_use_builder":"on","_et_pb_old_content":"","_et_gb_content_width":"","footnotes":""},"class_list":["post-2","page","type-page","status-publish","hentry"],"_links":{"self":[{"href":"https:\/\/tekloc.net\/en\/wp-json\/wp\/v2\/pages\/2","targetHints":{"allow":["GET"]}}],"collection":[{"href":"https:\/\/tekloc.net\/en\/wp-json\/wp\/v2\/pages"}],"about":[{"href":"https:\/\/tekloc.net\/en\/wp-json\/wp\/v2\/types\/page"}],"author":[{"embeddable":true,"href":"https:\/\/tekloc.net\/en\/wp-json\/wp\/v2\/users\/1"}],"replies":[{"embeddable":true,"href":"https:\/\/tekloc.net\/en\/wp-json\/wp\/v2\/comments?post=2"}],"version-history":[{"count":17,"href":"https:\/\/tekloc.net\/en\/wp-json\/wp\/v2\/pages\/2\/revisions"}],"predecessor-version":[{"id":1058,"href":"https:\/\/tekloc.net\/en\/wp-json\/wp\/v2\/pages\/2\/revisions\/1058"}],"up":[{"embeddable":true,"href":"https:\/\/tekloc.net\/en\/wp-json\/wp\/v2\/pages\/26"}],"wp:attachment":[{"href":"https:\/\/tekloc.net\/en\/wp-json\/wp\/v2\/media?parent=2"}],"curies":[{"name":"wp","href":"https:\/\/api.w.org\/{rel}","templated":true}]}}